{"id":16003,"date":"2022-04-16T19:58:23","date_gmt":"2022-04-17T01:58:23","guid":{"rendered":"https:\/\/www.excelab.mx\/?page_id=16003"},"modified":"2022-05-11T14:32:44","modified_gmt":"2022-05-11T20:32:44","slug":"asesoria-tecnica","status":"publish","type":"page","link":"https:\/\/www.excelab.mx\/?page_id=16003","title":{"rendered":"Asesor\u00eda T\u00e9cnica"},"content":{"rendered":"<p>[vc_row type=&#8221;full_width_section&#8221;][vc_column animation=&#8221;fade-in-from-top&#8221; width=&#8221;1\/1&#8243; delay=&#8221;900&#8243;]<div class=\"single_image wpb_content_element align-center  animate   \" data-animation=\"fade-in\" data-delay=\"900\"><img width=\"1536\" height=\"233\" src=\"https:\/\/www.excelab.mx\/wp-content\/uploads\/2022\/04\/excelab_mantenimiento.png\" class=\"attachment-full\" alt=\"Servicios de Mantenimiento\" loading=\"lazy\" srcset=\"https:\/\/www.excelab.mx\/wp-content\/uploads\/2022\/04\/excelab_mantenimiento.png 1536w, https:\/\/www.excelab.mx\/wp-content\/uploads\/2022\/04\/excelab_mantenimiento-300x46.png 300w, https:\/\/www.excelab.mx\/wp-content\/uploads\/2022\/04\/excelab_mantenimiento-1024x155.png 1024w, https:\/\/www.excelab.mx\/wp-content\/uploads\/2022\/04\/excelab_mantenimiento-768x117.png 768w\" sizes=\"(max-width: 1536px) 100vw, 1536px\" \/><\/div>[\/vc_column][\/vc_row][vc_row section_arrow=&#8221;false&#8221; top_padding=&#8221;80&#8243; bottom_padding=&#8221;40&#8243; bg_position=&#8221;center center&#8221;][vc_column animation=&#8221;fade-in-from-bottom&#8221; delay=&#8221;900&#8243;]<h1 class=\"headline font-inherit fontsize-xxl fontweight-300 lh-inherit align-center transform-inherit \" style=\"margin: 0 0 20px 0; color: #1cbac8;\">Nuestra divisi\u00f3n de asistencia t\u00e9cnica garantiza<br \/>\nlos siguientes servicios<\/h1><div class=\"headline font-inherit fontsize-m fontweight-inherit lh-inherit align-center transform-inherit \" style=\"margin: 0 0 60px 0; color: #999999;\">Inspecciones<br \/>\nInstalaci\u00f3n de equipos.<br \/>\nConfiguraci\u00f3n y puesta en servicio.<br \/>\nCursos de formaci\u00f3n para el personal.<br \/>\nComprobaciones el\u00e9ctricas.<br \/>\nPreparaci\u00f3n para certificaciones.<\/div>[\/vc_column][\/vc_row][vc_row bg_color=&#8221;#c7e5f9&#8243;][vc_column width=&#8221;1\/4&#8243;]<div class=\"single_image wpb_content_element align-center    \" data-animation=\"none\" data-delay=\"0\"><a href=\"?page_id=16189\" target=\"_self\"><img width=\"365\" height=\"427\" src=\"https:\/\/www.excelab.mx\/wp-content\/uploads\/2022\/04\/esfera_preventivo.png\" class=\"attachment-full\" alt=\"Mantenimiento preventivo\" loading=\"lazy\" srcset=\"https:\/\/www.excelab.mx\/wp-content\/uploads\/2022\/04\/esfera_preventivo.png 365w, https:\/\/www.excelab.mx\/wp-content\/uploads\/2022\/04\/esfera_preventivo-256x300.png 256w\" sizes=\"(max-width: 365px) 100vw, 365px\" \/><\/a><\/div>[\/vc_column][vc_column width=&#8221;1\/4&#8243;]<div class=\"single_image wpb_content_element align-left    \" data-animation=\"none\" data-delay=\"0\"><a href=\"?page_id=16176\" target=\"_self\"><img width=\"365\" height=\"427\" src=\"https:\/\/www.excelab.mx\/wp-content\/uploads\/2022\/04\/esfera_correctivo.png\" class=\"attachment-full\" alt=\"Mantenimiento correctivo\" loading=\"lazy\" srcset=\"https:\/\/www.excelab.mx\/wp-content\/uploads\/2022\/04\/esfera_correctivo.png 365w, https:\/\/www.excelab.mx\/wp-content\/uploads\/2022\/04\/esfera_correctivo-256x300.png 256w\" sizes=\"(max-width: 365px) 100vw, 365px\" \/><\/a><\/div>[\/vc_column][vc_column width=&#8221;1\/4&#8243;]<div class=\"single_image wpb_content_element align-left    \" data-animation=\"none\" data-delay=\"0\"><a href=\"?page_id=16171\" target=\"_self\"><img width=\"365\" height=\"427\" src=\"https:\/\/www.excelab.mx\/wp-content\/uploads\/2022\/04\/esfera_poliza.png\" class=\"attachment-full\" alt=\"Mantenimiento P\u00f3lizas\" loading=\"lazy\" srcset=\"https:\/\/www.excelab.mx\/wp-content\/uploads\/2022\/04\/esfera_poliza.png 365w, https:\/\/www.excelab.mx\/wp-content\/uploads\/2022\/04\/esfera_poliza-256x300.png 256w\" sizes=\"(max-width: 365px) 100vw, 365px\" \/><\/a><\/div>[\/vc_column][vc_column width=&#8221;1\/4&#8243;]<div class=\"single_image wpb_content_element align-left    \" data-animation=\"none\" data-delay=\"0\"><a href=\"?page_id=16003\" target=\"_self\"><img width=\"365\" height=\"427\" src=\"https:\/\/www.excelab.mx\/wp-content\/uploads\/2022\/04\/esfera_asesoria.png\" class=\"attachment-full\" alt=\"Mantenimiento Asesor\u00eda\" loading=\"lazy\" srcset=\"https:\/\/www.excelab.mx\/wp-content\/uploads\/2022\/04\/esfera_asesoria.png 365w, https:\/\/www.excelab.mx\/wp-content\/uploads\/2022\/04\/esfera_asesoria-256x300.png 256w\" sizes=\"(max-width: 365px) 100vw, 365px\" \/><\/a><\/div>[\/vc_column][\/vc_row][vc_row top_padding=&#8221;80&#8243; bottom_padding=&#8221;80&#8243;][vc_column width=&#8221;1\/4&#8243;][\/vc_column][vc_column animation=&#8221;fade-in-from-bottom&#8221; column_center=&#8221;true&#8221; width=&#8221;1\/2&#8243; delay=&#8221;900&#8243;]<a href=\"?page_id=16234\" target=\"_self\" class=\"button button-appear red full \" style=\"border-radius: 2px;\"><span>Solicite una cotizaci\u00f3n<\/span><\/a>[\/vc_column][vc_column width=&#8221;1\/4&#8243;][\/vc_column][\/vc_row]<\/p>\n","protected":false},"excerpt":{"rendered":"<p>[vc_row type=&#8221;full_width_section&#8221;][vc_column animation=&#8221;fade-in-from-top&#8221; width=&#8221;1\/1&#8243; delay=&#8221;900&#8243;][\/vc_column][\/vc_row][vc_row section_arrow=&#8221;false&#8221; top_padding=&#8221;80&#8243; bottom_padding=&#8221;40&#8243; bg_position=&#8221;center center&#8221;][vc_column animation=&#8221;fade-in-from-bottom&#8221; delay=&#8221;900&#8243;][\/vc_column][\/vc_row][vc_row bg_color=&#8221;#c7e5f9&#8243;][vc_column width=&#8221;1\/4&#8243;][\/vc_column][vc_column width=&#8221;1\/4&#8243;][\/vc_column][vc_column width=&#8221;1\/4&#8243;][\/vc_column][vc_column width=&#8221;1\/4&#8243;][\/vc_column][\/vc_row][vc_row top_padding=&#8221;80&#8243; bottom_padding=&#8221;80&#8243;][vc_column width=&#8221;1\/4&#8243;][\/vc_column][vc_column animation=&#8221;fade-in-from-bottom&#8221; column_center=&#8221;true&#8221; width=&#8221;1\/2&#8243; delay=&#8221;900&#8243;][\/vc_column][vc_column width=&#8221;1\/4&#8243;][\/vc_column][\/vc_row]<\/p>\n","protected":false},"author":1,"featured_media":0,"parent":16093,"menu_order":0,"comment_status":"open","ping_status":"closed","template":"","meta":[],"yoast_head":"<!-- This site is optimized with the Yoast SEO plugin v19.1 - https:\/\/yoast.com\/wordpress\/plugins\/seo\/ -->\n<title>Asesor\u00eda T\u00e9cnica - Excelab<\/title>\n<meta name=\"robots\" content=\"index, follow, max-snippet:-1, max-image-preview:large, max-video-preview:-1\" \/>\n<link rel=\"canonical\" href=\"https:\/\/www.excelab.mx\/?page_id=16003\" \/>\n<meta property=\"og:locale\" content=\"es_MX\" \/>\n<meta property=\"og:type\" content=\"article\" \/>\n<meta property=\"og:title\" content=\"Asesor\u00eda T\u00e9cnica - Excelab\" \/>\n<meta property=\"og:description\" content=\"[vc_row type=&#8221;full_width_section&#8221;][vc_column animation=&#8221;fade-in-from-top&#8221; width=&#8221;1\/1&#8243; delay=&#8221;900&#8243;][\/vc_column][\/vc_row][vc_row section_arrow=&#8221;false&#8221; top_padding=&#8221;80&#8243; bottom_padding=&#8221;40&#8243; bg_position=&#8221;center center&#8221;][vc_column animation=&#8221;fade-in-from-bottom&#8221; delay=&#8221;900&#8243;][\/vc_column][\/vc_row][vc_row bg_color=&#8221;#c7e5f9&#8243;][vc_column width=&#8221;1\/4&#8243;][\/vc_column][vc_column width=&#8221;1\/4&#8243;][\/vc_column][vc_column width=&#8221;1\/4&#8243;][\/vc_column][vc_column width=&#8221;1\/4&#8243;][\/vc_column][\/vc_row][vc_row top_padding=&#8221;80&#8243; bottom_padding=&#8221;80&#8243;][vc_column width=&#8221;1\/4&#8243;][\/vc_column][vc_column animation=&#8221;fade-in-from-bottom&#8221; column_center=&#8221;true&#8221; width=&#8221;1\/2&#8243; delay=&#8221;900&#8243;][\/vc_column][vc_column width=&#8221;1\/4&#8243;][\/vc_column][\/vc_row]\" \/>\n<meta property=\"og:url\" content=\"https:\/\/www.excelab.mx\/?page_id=16003\" \/>\n<meta property=\"og:site_name\" content=\"Excelab\" \/>\n<meta property=\"article:publisher\" content=\"https:\/\/www.facebook.com\/excelab.mx\" \/>\n<meta property=\"article:modified_time\" content=\"2022-05-11T20:32:44+00:00\" \/>\n<meta name=\"twitter:card\" content=\"summary_large_image\" \/>\n<meta name=\"twitter:label1\" content=\"Tiempo de lectura\" \/>\n\t<meta name=\"twitter:data1\" content=\"1 minuto\" \/>\n<script type=\"application\/ld+json\" class=\"yoast-schema-graph\">{\"@context\":\"https:\/\/schema.org\",\"@graph\":[{\"@type\":\"Organization\",\"@id\":\"https:\/\/www.excelab.mx\/#organization\",\"name\":\"Rub\u00e9n S\u00e1nchez Ram\u00edrez\",\"url\":\"https:\/\/www.excelab.mx\/\",\"sameAs\":[\"https:\/\/www.facebook.com\/excelab.mx\"],\"logo\":{\"@type\":\"ImageObject\",\"inLanguage\":\"es-MX\",\"@id\":\"https:\/\/www.excelab.mx\/#\/schema\/logo\/image\/\",\"url\":\"https:\/\/www.excelab.mx\/wp-content\/uploads\/2021\/12\/excelab_logoheader.png\",\"contentUrl\":\"https:\/\/www.excelab.mx\/wp-content\/uploads\/2021\/12\/excelab_logoheader.png\",\"width\":65,\"height\":70,\"caption\":\"Rub\u00e9n S\u00e1nchez Ram\u00edrez\"},\"image\":{\"@id\":\"https:\/\/www.excelab.mx\/#\/schema\/logo\/image\/\"}},{\"@type\":\"WebSite\",\"@id\":\"https:\/\/www.excelab.mx\/#website\",\"url\":\"https:\/\/www.excelab.mx\/\",\"name\":\"Excelab\",\"description\":\"\u00a0Distribuidores experimentados dedicados a la venta de Equipos y Reactivos biom\u00e9dicos y de de Diagn\u00f3stico Cl\u00ednico\",\"publisher\":{\"@id\":\"https:\/\/www.excelab.mx\/#organization\"},\"potentialAction\":[{\"@type\":\"SearchAction\",\"target\":{\"@type\":\"EntryPoint\",\"urlTemplate\":\"https:\/\/www.excelab.mx\/?s={search_term_string}\"},\"query-input\":\"required name=search_term_string\"}],\"inLanguage\":\"es-MX\"},{\"@type\":\"WebPage\",\"@id\":\"https:\/\/www.excelab.mx\/?page_id=16003#webpage\",\"url\":\"https:\/\/www.excelab.mx\/?page_id=16003\",\"name\":\"Asesor\u00eda T\u00e9cnica - Excelab\",\"isPartOf\":{\"@id\":\"https:\/\/www.excelab.mx\/#website\"},\"datePublished\":\"2022-04-17T01:58:23+00:00\",\"dateModified\":\"2022-05-11T20:32:44+00:00\",\"breadcrumb\":{\"@id\":\"https:\/\/www.excelab.mx\/?page_id=16003#breadcrumb\"},\"inLanguage\":\"es-MX\",\"potentialAction\":[{\"@type\":\"ReadAction\",\"target\":[\"https:\/\/www.excelab.mx\/?page_id=16003\"]}]},{\"@type\":\"BreadcrumbList\",\"@id\":\"https:\/\/www.excelab.mx\/?page_id=16003#breadcrumb\",\"itemListElement\":[{\"@type\":\"ListItem\",\"position\":1,\"name\":\"Inicio\",\"item\":\"https:\/\/www.excelab.mx\/\"},{\"@type\":\"ListItem\",\"position\":2,\"name\":\"Productos y Servicios\",\"item\":\"https:\/\/www.excelab.mx\/?page_id=3183\"},{\"@type\":\"ListItem\",\"position\":3,\"name\":\"Mantenimiento\",\"item\":\"https:\/\/www.excelab.mx\/?page_id=16093\"},{\"@type\":\"ListItem\",\"position\":4,\"name\":\"Asesor\u00eda T\u00e9cnica\"}]}]}<\/script>\n<!-- \/ Yoast SEO plugin. -->","yoast_head_json":{"title":"Asesor\u00eda T\u00e9cnica - Excelab","robots":{"index":"index","follow":"follow","max-snippet":"max-snippet:-1","max-image-preview":"max-image-preview:large","max-video-preview":"max-video-preview:-1"},"canonical":"https:\/\/www.excelab.mx\/?page_id=16003","og_locale":"es_MX","og_type":"article","og_title":"Asesor\u00eda T\u00e9cnica - Excelab","og_description":"[vc_row type=&#8221;full_width_section&#8221;][vc_column animation=&#8221;fade-in-from-top&#8221; width=&#8221;1\/1&#8243; delay=&#8221;900&#8243;][\/vc_column][\/vc_row][vc_row section_arrow=&#8221;false&#8221; top_padding=&#8221;80&#8243; bottom_padding=&#8221;40&#8243; bg_position=&#8221;center center&#8221;][vc_column animation=&#8221;fade-in-from-bottom&#8221; delay=&#8221;900&#8243;][\/vc_column][\/vc_row][vc_row bg_color=&#8221;#c7e5f9&#8243;][vc_column width=&#8221;1\/4&#8243;][\/vc_column][vc_column width=&#8221;1\/4&#8243;][\/vc_column][vc_column width=&#8221;1\/4&#8243;][\/vc_column][vc_column width=&#8221;1\/4&#8243;][\/vc_column][\/vc_row][vc_row top_padding=&#8221;80&#8243; bottom_padding=&#8221;80&#8243;][vc_column width=&#8221;1\/4&#8243;][\/vc_column][vc_column animation=&#8221;fade-in-from-bottom&#8221; column_center=&#8221;true&#8221; width=&#8221;1\/2&#8243; delay=&#8221;900&#8243;][\/vc_column][vc_column width=&#8221;1\/4&#8243;][\/vc_column][\/vc_row]","og_url":"https:\/\/www.excelab.mx\/?page_id=16003","og_site_name":"Excelab","article_publisher":"https:\/\/www.facebook.com\/excelab.mx","article_modified_time":"2022-05-11T20:32:44+00:00","twitter_card":"summary_large_image","twitter_misc":{"Tiempo de lectura":"1 minuto"},"schema":{"@context":"https:\/\/schema.org","@graph":[{"@type":"Organization","@id":"https:\/\/www.excelab.mx\/#organization","name":"Rub\u00e9n S\u00e1nchez Ram\u00edrez","url":"https:\/\/www.excelab.mx\/","sameAs":["https:\/\/www.facebook.com\/excelab.mx"],"logo":{"@type":"ImageObject","inLanguage":"es-MX","@id":"https:\/\/www.excelab.mx\/#\/schema\/logo\/image\/","url":"https:\/\/www.excelab.mx\/wp-content\/uploads\/2021\/12\/excelab_logoheader.png","contentUrl":"https:\/\/www.excelab.mx\/wp-content\/uploads\/2021\/12\/excelab_logoheader.png","width":65,"height":70,"caption":"Rub\u00e9n S\u00e1nchez Ram\u00edrez"},"image":{"@id":"https:\/\/www.excelab.mx\/#\/schema\/logo\/image\/"}},{"@type":"WebSite","@id":"https:\/\/www.excelab.mx\/#website","url":"https:\/\/www.excelab.mx\/","name":"Excelab","description":"\u00a0Distribuidores experimentados dedicados a la venta de Equipos y Reactivos biom\u00e9dicos y de de Diagn\u00f3stico Cl\u00ednico","publisher":{"@id":"https:\/\/www.excelab.mx\/#organization"},"potentialAction":[{"@type":"SearchAction","target":{"@type":"EntryPoint","urlTemplate":"https:\/\/www.excelab.mx\/?s={search_term_string}"},"query-input":"required name=search_term_string"}],"inLanguage":"es-MX"},{"@type":"WebPage","@id":"https:\/\/www.excelab.mx\/?page_id=16003#webpage","url":"https:\/\/www.excelab.mx\/?page_id=16003","name":"Asesor\u00eda T\u00e9cnica - Excelab","isPartOf":{"@id":"https:\/\/www.excelab.mx\/#website"},"datePublished":"2022-04-17T01:58:23+00:00","dateModified":"2022-05-11T20:32:44+00:00","breadcrumb":{"@id":"https:\/\/www.excelab.mx\/?page_id=16003#breadcrumb"},"inLanguage":"es-MX","potentialAction":[{"@type":"ReadAction","target":["https:\/\/www.excelab.mx\/?page_id=16003"]}]},{"@type":"BreadcrumbList","@id":"https:\/\/www.excelab.mx\/?page_id=16003#breadcrumb","itemListElement":[{"@type":"ListItem","position":1,"name":"Inicio","item":"https:\/\/www.excelab.mx\/"},{"@type":"ListItem","position":2,"name":"Productos y Servicios","item":"https:\/\/www.excelab.mx\/?page_id=3183"},{"@type":"ListItem","position":3,"name":"Mantenimiento","item":"https:\/\/www.excelab.mx\/?page_id=16093"},{"@type":"ListItem","position":4,"name":"Asesor\u00eda T\u00e9cnica"}]}]}},"_links":{"self":[{"href":"https:\/\/www.excelab.mx\/index.php?rest_route=\/wp\/v2\/pages\/16003"}],"collection":[{"href":"https:\/\/www.excelab.mx\/index.php?rest_route=\/wp\/v2\/pages"}],"about":[{"href":"https:\/\/www.excelab.mx\/index.php?rest_route=\/wp\/v2\/types\/page"}],"author":[{"embeddable":true,"href":"https:\/\/www.excelab.mx\/index.php?rest_route=\/wp\/v2\/users\/1"}],"replies":[{"embeddable":true,"href":"https:\/\/www.excelab.mx\/index.php?rest_route=%2Fwp%2Fv2%2Fcomments&post=16003"}],"version-history":[{"count":17,"href":"https:\/\/www.excelab.mx\/index.php?rest_route=\/wp\/v2\/pages\/16003\/revisions"}],"predecessor-version":[{"id":16248,"href":"https:\/\/www.excelab.mx\/index.php?rest_route=\/wp\/v2\/pages\/16003\/revisions\/16248"}],"up":[{"embeddable":true,"href":"https:\/\/www.excelab.mx\/index.php?rest_route=\/wp\/v2\/pages\/16093"}],"wp:attachment":[{"href":"https:\/\/www.excelab.mx\/index.php?rest_route=%2Fwp%2Fv2%2Fmedia&parent=16003"}],"curies":[{"name":"wp","href":"https:\/\/api.w.org\/{rel}","templated":true}]}}