{"id":16093,"date":"2022-04-19T10:30:31","date_gmt":"2022-04-19T16:30:31","guid":{"rendered":"https:\/\/www.excelab.mx\/?page_id=16093"},"modified":"2022-05-11T13:18:01","modified_gmt":"2022-05-11T19:18:01","slug":"mantenimiento","status":"publish","type":"page","link":"https:\/\/www.excelab.mx\/?page_id=16093","title":{"rendered":"Mantenimiento"},"content":{"rendered":"<p>[vc_row type=&#8221;full_width_section&#8221;][vc_column animation=&#8221;fade-in-from-top&#8221; width=&#8221;1\/1&#8243; delay=&#8221;900&#8243;]<div class=\"single_image wpb_content_element align-center  animate   \" data-animation=\"fade-in\" data-delay=\"900\"><img width=\"1536\" height=\"232\" src=\"https:\/\/www.excelab.mx\/wp-content\/uploads\/2022\/04\/excelab_correctivo.png\" class=\"attachment-full\" alt=\"Tareas de mantenimiento\" loading=\"lazy\" srcset=\"https:\/\/www.excelab.mx\/wp-content\/uploads\/2022\/04\/excelab_correctivo.png 1536w, https:\/\/www.excelab.mx\/wp-content\/uploads\/2022\/04\/excelab_correctivo-300x45.png 300w, https:\/\/www.excelab.mx\/wp-content\/uploads\/2022\/04\/excelab_correctivo-1024x155.png 1024w, https:\/\/www.excelab.mx\/wp-content\/uploads\/2022\/04\/excelab_correctivo-768x116.png 768w\" sizes=\"(max-width: 1536px) 100vw, 1536px\" \/><\/div>[\/vc_column][\/vc_row][vc_row section_arrow=&#8221;false&#8221; top_padding=&#8221;80&#8243; bottom_padding=&#8221;40&#8243; bg_position=&#8221;center center&#8221;][vc_column animation=&#8221;fade-in-from-bottom&#8221; delay=&#8221;900&#8243;]<h1 class=\"headline font-inherit fontsize-xxl fontweight-300 lh-inherit align-center transform-inherit \" style=\"margin: 0 0 20px 0; color: #1cbac8;\">Adopte estrategias de mantenimiento para su empresa<br \/>\ny promueva la salud de sus activos adem\u00e1s de garantizar<br \/>\nsu sostenibilidad<\/h1><h4 class=\"headline font-inherit fontsize-m fontweight-inherit lh-inherit align-center transform-inherit \" style=\"margin: 0 0 60px 0; color: #999999;\">La subcontrataci\u00f3n de los servicios de mantenimiento de equipos biom\u00e9dicos,<br \/>\nproporciona numerosos beneficios a laboratorios, cl\u00ednicas, hospitales<br \/>\ny centros de salud.<\/h4><div class=\"video-embed  wpb_content_element\"><iframe title=\"Herramientas usadas para la REPARACI\u00d3N DE EQUIPO BIOM\u00c9DICO\" width=\"1161\" height=\"653\" src=\"https:\/\/www.youtube.com\/embed\/FHs6oqthkXc?feature=oembed\" frameborder=\"0\" allow=\"accelerometer; autoplay; clipboard-write; encrypted-media; gyroscope; picture-in-picture; web-share\" referrerpolicy=\"strict-origin-when-cross-origin\" allowfullscreen><\/iframe><\/div>[\/vc_column][\/vc_row][vc_row bg_color=&#8221;#c7e5f9&#8243;][vc_column width=&#8221;1\/4&#8243;]<div class=\"single_image wpb_content_element align-center    \" data-animation=\"none\" data-delay=\"0\"><a href=\"?page_id=16189\" target=\"_self\"><img width=\"365\" height=\"427\" src=\"https:\/\/www.excelab.mx\/wp-content\/uploads\/2022\/04\/esfera_preventivo.png\" class=\"attachment-full\" alt=\"Mantenimiento preventivo\" loading=\"lazy\" srcset=\"https:\/\/www.excelab.mx\/wp-content\/uploads\/2022\/04\/esfera_preventivo.png 365w, https:\/\/www.excelab.mx\/wp-content\/uploads\/2022\/04\/esfera_preventivo-256x300.png 256w\" sizes=\"(max-width: 365px) 100vw, 365px\" \/><\/a><\/div>[\/vc_column][vc_column width=&#8221;1\/4&#8243;]<div class=\"single_image wpb_content_element align-left    \" data-animation=\"none\" data-delay=\"0\"><a href=\"?page_id=16176\" target=\"_self\"><img width=\"365\" height=\"427\" src=\"https:\/\/www.excelab.mx\/wp-content\/uploads\/2022\/04\/esfera_correctivo.png\" class=\"attachment-full\" alt=\"Mantenimiento correctivo\" loading=\"lazy\" srcset=\"https:\/\/www.excelab.mx\/wp-content\/uploads\/2022\/04\/esfera_correctivo.png 365w, https:\/\/www.excelab.mx\/wp-content\/uploads\/2022\/04\/esfera_correctivo-256x300.png 256w\" sizes=\"(max-width: 365px) 100vw, 365px\" \/><\/a><\/div>[\/vc_column][vc_column width=&#8221;1\/4&#8243;]<div class=\"single_image wpb_content_element align-left    \" data-animation=\"none\" data-delay=\"0\"><a href=\"?page_id=16171\" target=\"_self\"><img width=\"365\" height=\"427\" src=\"https:\/\/www.excelab.mx\/wp-content\/uploads\/2022\/04\/esfera_poliza.png\" class=\"attachment-full\" alt=\"Mantenimiento P\u00f3lizas\" loading=\"lazy\" srcset=\"https:\/\/www.excelab.mx\/wp-content\/uploads\/2022\/04\/esfera_poliza.png 365w, https:\/\/www.excelab.mx\/wp-content\/uploads\/2022\/04\/esfera_poliza-256x300.png 256w\" sizes=\"(max-width: 365px) 100vw, 365px\" \/><\/a><\/div>[\/vc_column][vc_column width=&#8221;1\/4&#8243;]<div class=\"single_image wpb_content_element align-left    \" data-animation=\"none\" data-delay=\"0\"><a href=\"?page_id=16003\" target=\"_self\"><img width=\"365\" height=\"427\" src=\"https:\/\/www.excelab.mx\/wp-content\/uploads\/2022\/04\/esfera_asesoria.png\" class=\"attachment-full\" alt=\"Mantenimiento Asesor\u00eda\" loading=\"lazy\" srcset=\"https:\/\/www.excelab.mx\/wp-content\/uploads\/2022\/04\/esfera_asesoria.png 365w, https:\/\/www.excelab.mx\/wp-content\/uploads\/2022\/04\/esfera_asesoria-256x300.png 256w\" sizes=\"(max-width: 365px) 100vw, 365px\" \/><\/a><\/div>[\/vc_column][\/vc_row]<\/p>\n","protected":false},"excerpt":{"rendered":"<p>[vc_row type=&#8221;full_width_section&#8221;][vc_column animation=&#8221;fade-in-from-top&#8221; width=&#8221;1\/1&#8243; delay=&#8221;900&#8243;][\/vc_column][\/vc_row][vc_row section_arrow=&#8221;false&#8221; top_padding=&#8221;80&#8243; bottom_padding=&#8221;40&#8243; bg_position=&#8221;center center&#8221;][vc_column animation=&#8221;fade-in-from-bottom&#8221; delay=&#8221;900&#8243;][\/vc_column][\/vc_row][vc_row bg_color=&#8221;#c7e5f9&#8243;][vc_column width=&#8221;1\/4&#8243;][\/vc_column][vc_column width=&#8221;1\/4&#8243;][\/vc_column][vc_column width=&#8221;1\/4&#8243;][\/vc_column][vc_column width=&#8221;1\/4&#8243;][\/vc_column][\/vc_row]<\/p>\n","protected":false},"author":1,"featured_media":0,"parent":3183,"menu_order":0,"comment_status":"open","ping_status":"closed","template":"","meta":[],"yoast_head":"<!-- This site is optimized with the Yoast SEO plugin v19.1 - https:\/\/yoast.com\/wordpress\/plugins\/seo\/ -->\n<title>Mantenimiento - Excelab<\/title>\n<meta name=\"robots\" content=\"index, follow, max-snippet:-1, max-image-preview:large, max-video-preview:-1\" \/>\n<link rel=\"canonical\" href=\"https:\/\/www.excelab.mx\/?page_id=16093\" \/>\n<meta property=\"og:locale\" content=\"es_MX\" \/>\n<meta property=\"og:type\" content=\"article\" \/>\n<meta property=\"og:title\" content=\"Mantenimiento - Excelab\" \/>\n<meta property=\"og:description\" content=\"[vc_row type=&#8221;full_width_section&#8221;][vc_column animation=&#8221;fade-in-from-top&#8221; width=&#8221;1\/1&#8243; delay=&#8221;900&#8243;][\/vc_column][\/vc_row][vc_row section_arrow=&#8221;false&#8221; top_padding=&#8221;80&#8243; bottom_padding=&#8221;40&#8243; bg_position=&#8221;center center&#8221;][vc_column animation=&#8221;fade-in-from-bottom&#8221; delay=&#8221;900&#8243;][\/vc_column][\/vc_row][vc_row bg_color=&#8221;#c7e5f9&#8243;][vc_column width=&#8221;1\/4&#8243;][\/vc_column][vc_column width=&#8221;1\/4&#8243;][\/vc_column][vc_column width=&#8221;1\/4&#8243;][\/vc_column][vc_column width=&#8221;1\/4&#8243;][\/vc_column][\/vc_row]\" \/>\n<meta property=\"og:url\" content=\"https:\/\/www.excelab.mx\/?page_id=16093\" \/>\n<meta property=\"og:site_name\" content=\"Excelab\" \/>\n<meta property=\"article:publisher\" content=\"https:\/\/www.facebook.com\/excelab.mx\" \/>\n<meta property=\"article:modified_time\" content=\"2022-05-11T19:18:01+00:00\" \/>\n<meta name=\"twitter:card\" content=\"summary_large_image\" \/>\n<meta name=\"twitter:label1\" content=\"Tiempo de lectura\" \/>\n\t<meta name=\"twitter:data1\" content=\"1 minuto\" \/>\n<script type=\"application\/ld+json\" class=\"yoast-schema-graph\">{\"@context\":\"https:\/\/schema.org\",\"@graph\":[{\"@type\":\"Organization\",\"@id\":\"https:\/\/www.excelab.mx\/#organization\",\"name\":\"Rub\u00e9n S\u00e1nchez Ram\u00edrez\",\"url\":\"https:\/\/www.excelab.mx\/\",\"sameAs\":[\"https:\/\/www.facebook.com\/excelab.mx\"],\"logo\":{\"@type\":\"ImageObject\",\"inLanguage\":\"es-MX\",\"@id\":\"https:\/\/www.excelab.mx\/#\/schema\/logo\/image\/\",\"url\":\"https:\/\/www.excelab.mx\/wp-content\/uploads\/2021\/12\/excelab_logoheader.png\",\"contentUrl\":\"https:\/\/www.excelab.mx\/wp-content\/uploads\/2021\/12\/excelab_logoheader.png\",\"width\":65,\"height\":70,\"caption\":\"Rub\u00e9n S\u00e1nchez Ram\u00edrez\"},\"image\":{\"@id\":\"https:\/\/www.excelab.mx\/#\/schema\/logo\/image\/\"}},{\"@type\":\"WebSite\",\"@id\":\"https:\/\/www.excelab.mx\/#website\",\"url\":\"https:\/\/www.excelab.mx\/\",\"name\":\"Excelab\",\"description\":\"\u00a0Distribuidores experimentados dedicados a la venta de Equipos y Reactivos biom\u00e9dicos y de de Diagn\u00f3stico Cl\u00ednico\",\"publisher\":{\"@id\":\"https:\/\/www.excelab.mx\/#organization\"},\"potentialAction\":[{\"@type\":\"SearchAction\",\"target\":{\"@type\":\"EntryPoint\",\"urlTemplate\":\"https:\/\/www.excelab.mx\/?s={search_term_string}\"},\"query-input\":\"required name=search_term_string\"}],\"inLanguage\":\"es-MX\"},{\"@type\":\"WebPage\",\"@id\":\"https:\/\/www.excelab.mx\/?page_id=16093#webpage\",\"url\":\"https:\/\/www.excelab.mx\/?page_id=16093\",\"name\":\"Mantenimiento - Excelab\",\"isPartOf\":{\"@id\":\"https:\/\/www.excelab.mx\/#website\"},\"datePublished\":\"2022-04-19T16:30:31+00:00\",\"dateModified\":\"2022-05-11T19:18:01+00:00\",\"breadcrumb\":{\"@id\":\"https:\/\/www.excelab.mx\/?page_id=16093#breadcrumb\"},\"inLanguage\":\"es-MX\",\"potentialAction\":[{\"@type\":\"ReadAction\",\"target\":[\"https:\/\/www.excelab.mx\/?page_id=16093\"]}]},{\"@type\":\"BreadcrumbList\",\"@id\":\"https:\/\/www.excelab.mx\/?page_id=16093#breadcrumb\",\"itemListElement\":[{\"@type\":\"ListItem\",\"position\":1,\"name\":\"Inicio\",\"item\":\"https:\/\/www.excelab.mx\/\"},{\"@type\":\"ListItem\",\"position\":2,\"name\":\"Productos y Servicios\",\"item\":\"https:\/\/www.excelab.mx\/?page_id=3183\"},{\"@type\":\"ListItem\",\"position\":3,\"name\":\"Mantenimiento\"}]}]}<\/script>\n<!-- \/ Yoast SEO plugin. -->","yoast_head_json":{"title":"Mantenimiento - Excelab","robots":{"index":"index","follow":"follow","max-snippet":"max-snippet:-1","max-image-preview":"max-image-preview:large","max-video-preview":"max-video-preview:-1"},"canonical":"https:\/\/www.excelab.mx\/?page_id=16093","og_locale":"es_MX","og_type":"article","og_title":"Mantenimiento - Excelab","og_description":"[vc_row type=&#8221;full_width_section&#8221;][vc_column animation=&#8221;fade-in-from-top&#8221; width=&#8221;1\/1&#8243; delay=&#8221;900&#8243;][\/vc_column][\/vc_row][vc_row section_arrow=&#8221;false&#8221; top_padding=&#8221;80&#8243; bottom_padding=&#8221;40&#8243; bg_position=&#8221;center center&#8221;][vc_column animation=&#8221;fade-in-from-bottom&#8221; delay=&#8221;900&#8243;][\/vc_column][\/vc_row][vc_row bg_color=&#8221;#c7e5f9&#8243;][vc_column width=&#8221;1\/4&#8243;][\/vc_column][vc_column width=&#8221;1\/4&#8243;][\/vc_column][vc_column width=&#8221;1\/4&#8243;][\/vc_column][vc_column width=&#8221;1\/4&#8243;][\/vc_column][\/vc_row]","og_url":"https:\/\/www.excelab.mx\/?page_id=16093","og_site_name":"Excelab","article_publisher":"https:\/\/www.facebook.com\/excelab.mx","article_modified_time":"2022-05-11T19:18:01+00:00","twitter_card":"summary_large_image","twitter_misc":{"Tiempo de lectura":"1 minuto"},"schema":{"@context":"https:\/\/schema.org","@graph":[{"@type":"Organization","@id":"https:\/\/www.excelab.mx\/#organization","name":"Rub\u00e9n S\u00e1nchez Ram\u00edrez","url":"https:\/\/www.excelab.mx\/","sameAs":["https:\/\/www.facebook.com\/excelab.mx"],"logo":{"@type":"ImageObject","inLanguage":"es-MX","@id":"https:\/\/www.excelab.mx\/#\/schema\/logo\/image\/","url":"https:\/\/www.excelab.mx\/wp-content\/uploads\/2021\/12\/excelab_logoheader.png","contentUrl":"https:\/\/www.excelab.mx\/wp-content\/uploads\/2021\/12\/excelab_logoheader.png","width":65,"height":70,"caption":"Rub\u00e9n S\u00e1nchez Ram\u00edrez"},"image":{"@id":"https:\/\/www.excelab.mx\/#\/schema\/logo\/image\/"}},{"@type":"WebSite","@id":"https:\/\/www.excelab.mx\/#website","url":"https:\/\/www.excelab.mx\/","name":"Excelab","description":"\u00a0Distribuidores experimentados dedicados a la venta de Equipos y Reactivos biom\u00e9dicos y de de Diagn\u00f3stico Cl\u00ednico","publisher":{"@id":"https:\/\/www.excelab.mx\/#organization"},"potentialAction":[{"@type":"SearchAction","target":{"@type":"EntryPoint","urlTemplate":"https:\/\/www.excelab.mx\/?s={search_term_string}"},"query-input":"required name=search_term_string"}],"inLanguage":"es-MX"},{"@type":"WebPage","@id":"https:\/\/www.excelab.mx\/?page_id=16093#webpage","url":"https:\/\/www.excelab.mx\/?page_id=16093","name":"Mantenimiento - Excelab","isPartOf":{"@id":"https:\/\/www.excelab.mx\/#website"},"datePublished":"2022-04-19T16:30:31+00:00","dateModified":"2022-05-11T19:18:01+00:00","breadcrumb":{"@id":"https:\/\/www.excelab.mx\/?page_id=16093#breadcrumb"},"inLanguage":"es-MX","potentialAction":[{"@type":"ReadAction","target":["https:\/\/www.excelab.mx\/?page_id=16093"]}]},{"@type":"BreadcrumbList","@id":"https:\/\/www.excelab.mx\/?page_id=16093#breadcrumb","itemListElement":[{"@type":"ListItem","position":1,"name":"Inicio","item":"https:\/\/www.excelab.mx\/"},{"@type":"ListItem","position":2,"name":"Productos y Servicios","item":"https:\/\/www.excelab.mx\/?page_id=3183"},{"@type":"ListItem","position":3,"name":"Mantenimiento"}]}]}},"_links":{"self":[{"href":"https:\/\/www.excelab.mx\/index.php?rest_route=\/wp\/v2\/pages\/16093"}],"collection":[{"href":"https:\/\/www.excelab.mx\/index.php?rest_route=\/wp\/v2\/pages"}],"about":[{"href":"https:\/\/www.excelab.mx\/index.php?rest_route=\/wp\/v2\/types\/page"}],"author":[{"embeddable":true,"href":"https:\/\/www.excelab.mx\/index.php?rest_route=\/wp\/v2\/users\/1"}],"replies":[{"embeddable":true,"href":"https:\/\/www.excelab.mx\/index.php?rest_route=%2Fwp%2Fv2%2Fcomments&post=16093"}],"version-history":[{"count":10,"href":"https:\/\/www.excelab.mx\/index.php?rest_route=\/wp\/v2\/pages\/16093\/revisions"}],"predecessor-version":[{"id":16245,"href":"https:\/\/www.excelab.mx\/index.php?rest_route=\/wp\/v2\/pages\/16093\/revisions\/16245"}],"up":[{"embeddable":true,"href":"https:\/\/www.excelab.mx\/index.php?rest_route=\/wp\/v2\/pages\/3183"}],"wp:attachment":[{"href":"https:\/\/www.excelab.mx\/index.php?rest_route=%2Fwp%2Fv2%2Fmedia&parent=16093"}],"curies":[{"name":"wp","href":"https:\/\/api.w.org\/{rel}","templated":true}]}}