{"id":3,"date":"2021-12-10T01:12:27","date_gmt":"2021-12-10T07:12:27","guid":{"rendered":"http:\/\/localhost:8888\/excelab\/?page_id=3"},"modified":"2022-06-21T12:38:05","modified_gmt":"2022-06-21T18:38:05","slug":"aviso-de-privacidad","status":"publish","type":"page","link":"https:\/\/www.excelab.mx\/?page_id=3","title":{"rendered":"Aviso de privacidad"},"content":{"rendered":"<div align=\"center\"><img src=\"\/wp-content\/uploads\/2022\/03\/aviso_privacidad.png\" width=\"1280\"><\/div>\r\n\r\n\r\n<p>De acuerdo a lo Previsto en la \u201cLey Federal de Protecci\u00f3n de Datos Personales\u201d, declara Rub\u00e9n S\u00e1nchez Ram\u00edrez (EXCELAB), ser una empresa legalmente constituida de conformidad con las leyes mexicanas, con domicilio en Calle Campanario 40 B, Col. Villas de la Hacienda, C.P. 52929, Atizap\u00e1n de Zaragoza, Estado de M\u00e9xico. Y portal en internet <a href=\"https:\/\/www.excelab.mx\">www.excelab.mx<\/a><\/p>\r\n\r\n\r\n\r\n<p>Como responsable del tratamiento de sus datos personales, hacemos de su conocimiento que la informaci\u00f3n de nuestros clientes es tratada de forma estrictamente confidencial.<\/p>\r\n\r\n\r\n\r\n<p><strong>\u00bfPara qu\u00e9 fines utilizaremos sus datos personales?<\/strong><\/p>\r\n\r\n\r\n\r\n<p>Los datos personales que recabamos de usted, los utilizaremos para las siguientes finalidades que son necesarias para el servicio que solicita:<\/p>\r\n\r\n\r\n\r\n<p>\u2022Realizaci\u00f3n de Facturas. <br>\u2022Gesti\u00f3n de contratos relacionados con los bienes y\/o servicios. <br>\u2022Administrar y operar los servicios solicitados. <br>\u2022Elaboraci\u00f3n de Cotizaciones. <br>\u2022Env\u00edo de los productos adquiridos. <br>\u2022Identificaci\u00f3n de Operaciones Bancarias. <br>\u2022Mercadotecnia y\/o publicidad. <br>\u2022Brindar la mejor atenci\u00f3n a los clientes.<\/p>\r\n\r\n\r\n\r\n<p><strong>\u00bfQu\u00e9 datos personales utilizaremos para estos fines?<\/strong><\/p>\r\n\r\n\r\n\r\n<p>Para llevar a cabo las finalidades descritas en el presente aviso de privacidad, utilizaremos los siguientes datos personales:<\/p>\r\n\r\n\r\n\r\n<p>\u2022Datos de identificaci\u00f3n.<br>\u2022Datos de contacto.<br>\u2022Datos laborales.<br>\u2022Datos patrimoniales y\/o financieros.<\/p>\r\n\r\n\r\n\r\n<p><strong>\u00bfC\u00f3mo puede acceder, rectificar o cancelar sus datos personales, u oponerse a su uso?<\/strong><\/p>\r\n\r\n\r\n\r\n<p>Usted tiene derecho a conocer qu\u00e9 datos personales tenemos de usted, para qu\u00e9 los utilizamos y las condiciones del uso que les damos <strong>(Acceso)<\/strong>. Asimismo, es su derecho solicitar la correcci\u00f3n de su informaci\u00f3n personal en caso de que est\u00e9 desactualizada, sea inexacta o incompleta <strong>(Rectificaci\u00f3n)<\/strong>; que la eliminemos de nuestros registros o bases de datos cuando considere que la misma no est\u00e1 siendo utilizada adecuadamente <strong>(Cancelaci\u00f3n)<\/strong>; as\u00ed\u0301 como oponerse al uso de sus datos personales para fines espec\u00edficos <strong>(Oposici\u00f3n)<\/strong>. Estos derechos se conocen como derechos ARCO.<\/p>\r\n\r\n\r\n\r\n<p><em>Para el ejercicio de cualquiera de los derechos ARCO, usted deber\u00e1\u0301 presentar la solicitud respectiva a trav\u00e9s del siguiente medio: correo electr\u00f3nico <a href=\"mailto:excelab2014@hotmail.com\">excelab2014@hotmail.com<\/a><\/em><\/p>\r\n\r\n\r\n\r\n<p><em>Para conocer el procedimiento y requisitos para el ejercicio de los derechos ARCO, ponemos a su disposici\u00f3n el siguiente medio: <strong>N\u00famero Telef\u00f3nico (55) 5819 9705<\/strong><\/em><\/p>\r\n\r\n\r\n\r\n<p>&nbsp;<\/p>\r\n<p>Los datos de contacto de la persona o departamento de datos personales, que est\u00e1 a cargo de dar tr\u00e1mite a las solicitudes de derechos ARCO, son los siguientes:<\/p>\r\n<p>\r\n\r\n\r\n\r\n<\/p>\r\n<p>a) Nombre de la persona o departamento de datos personales: DEPARTAMENTO<\/p>\r\n<p>\r\n\r\n\r\n\r\n<\/p>\r\n<p>b) Domicilio: Calle Campanario 40 B, Col. Villas de la Hacienda, C.P. 52929, Atizap\u00e1n de Zaragoza, Estado de M\u00e9xico.<\/p>\r\n<p>\r\n\r\n\r\n\r\n<\/p>\r\n<p>c) Correo electr\u00f3nico: <a href=\"mailto:excelab2014@hotmail.com\">excelab2014@hotmail.com<\/a><\/p>\r\n<p>\r\n\r\n\r\n\r\n<\/p>\r\n<p>d) N\u00famero telef\u00f3nico: (55) 5819 9705<\/p>\r\n<p>\r\n\r\n\r\n<p><\/p>\r\n<p>&nbsp;<\/p>","protected":false},"excerpt":{"rendered":"<p>De acuerdo a lo Previsto en la \u201cLey Federal de Protecci\u00f3n de Datos Personales\u201d, declara Rub\u00e9n S\u00e1nchez Ram\u00edrez (EXCELAB), ser una empresa legalmente constituida de conformidad con las leyes mexicanas, con domicilio en Calle Campanario 40 B, Col. Villas de la Hacienda, C.P. 52929, Atizap\u00e1n de Zaragoza, Estado de M\u00e9xico. Y portal en internet www.excelab.mx Como responsable del tratamiento de sus datos personales, hacemos de su conocimiento que la informaci\u00f3n de nuestros clientes es tratada de forma estrictamente confidencial. \u00bfPara qu\u00e9 fines utilizaremos sus datos personales? Los datos personales que recabamos de usted, los utilizaremos para las siguientes finalidades que son necesarias para el servicio que solicita: \u2022Realizaci\u00f3n de Facturas. \u2022Gesti\u00f3n de contratos relacionados con los bienes y\/o servicios. \u2022Administrar y operar los servicios solicitados. \u2022Elaboraci\u00f3n de Cotizaciones. \u2022Env\u00edo de los productos adquiridos. \u2022Identificaci\u00f3n de Operaciones Bancarias. \u2022Mercadotecnia y\/o publicidad. \u2022Brindar la mejor atenci\u00f3n a los clientes. \u00bfQu\u00e9 datos personales utilizaremos para estos fines? Para llevar a cabo las finalidades descritas en el presente aviso de privacidad, utilizaremos los siguientes datos personales: \u2022Datos de identificaci\u00f3n.\u2022Datos de contacto.\u2022Datos laborales.\u2022Datos patrimoniales y\/o financieros. \u00bfC\u00f3mo puede acceder, rectificar o cancelar sus datos personales, u oponerse a su uso? Usted tiene derecho a conocer [&hellip;]<\/p>\n","protected":false},"author":1,"featured_media":0,"parent":0,"menu_order":0,"comment_status":"closed","ping_status":"closed","template":"","meta":[],"yoast_head":"<!-- This site is optimized with the Yoast SEO plugin v19.1 - https:\/\/yoast.com\/wordpress\/plugins\/seo\/ -->\n<title>Aviso de privacidad - Excelab<\/title>\n<meta name=\"robots\" content=\"index, follow, max-snippet:-1, max-image-preview:large, max-video-preview:-1\" \/>\n<link rel=\"canonical\" href=\"https:\/\/www.excelab.mx\/?page_id=3\" \/>\n<meta property=\"og:locale\" content=\"es_MX\" \/>\n<meta property=\"og:type\" content=\"article\" \/>\n<meta property=\"og:title\" content=\"Aviso de privacidad - Excelab\" \/>\n<meta property=\"og:description\" content=\"De acuerdo a lo Previsto en la \u201cLey Federal de Protecci\u00f3n de Datos Personales\u201d, declara Rub\u00e9n S\u00e1nchez Ram\u00edrez (EXCELAB), ser una empresa legalmente constituida de conformidad con las leyes mexicanas, con domicilio en Calle Campanario 40 B, Col. Villas de la Hacienda, C.P. 52929, Atizap\u00e1n de Zaragoza, Estado de M\u00e9xico. Y portal en internet www.excelab.mx Como responsable del tratamiento de sus datos personales, hacemos de su conocimiento que la informaci\u00f3n de nuestros clientes es tratada de forma estrictamente confidencial. \u00bfPara qu\u00e9 fines utilizaremos sus datos personales? Los datos personales que recabamos de usted, los utilizaremos para las siguientes finalidades que son necesarias para el servicio que solicita: \u2022Realizaci\u00f3n de Facturas. \u2022Gesti\u00f3n de contratos relacionados con los bienes y\/o servicios. \u2022Administrar y operar los servicios solicitados. \u2022Elaboraci\u00f3n de Cotizaciones. \u2022Env\u00edo de los productos adquiridos. \u2022Identificaci\u00f3n de Operaciones Bancarias. \u2022Mercadotecnia y\/o publicidad. \u2022Brindar la mejor atenci\u00f3n a los clientes. \u00bfQu\u00e9 datos personales utilizaremos para estos fines? Para llevar a cabo las finalidades descritas en el presente aviso de privacidad, utilizaremos los siguientes datos personales: \u2022Datos de identificaci\u00f3n.\u2022Datos de contacto.\u2022Datos laborales.\u2022Datos patrimoniales y\/o financieros. \u00bfC\u00f3mo puede acceder, rectificar o cancelar sus datos personales, u oponerse a su uso? Usted tiene derecho a conocer [&hellip;]\" \/>\n<meta property=\"og:url\" content=\"https:\/\/www.excelab.mx\/?page_id=3\" \/>\n<meta property=\"og:site_name\" content=\"Excelab\" \/>\n<meta property=\"article:publisher\" content=\"https:\/\/www.facebook.com\/excelab.mx\" \/>\n<meta property=\"article:modified_time\" content=\"2022-06-21T18:38:05+00:00\" \/>\n<meta name=\"twitter:card\" content=\"summary_large_image\" \/>\n<meta name=\"twitter:label1\" content=\"Tiempo de lectura\" \/>\n\t<meta name=\"twitter:data1\" content=\"2 minutos\" \/>\n<script type=\"application\/ld+json\" class=\"yoast-schema-graph\">{\"@context\":\"https:\/\/schema.org\",\"@graph\":[{\"@type\":\"Organization\",\"@id\":\"https:\/\/www.excelab.mx\/#organization\",\"name\":\"Rub\u00e9n S\u00e1nchez Ram\u00edrez\",\"url\":\"https:\/\/www.excelab.mx\/\",\"sameAs\":[\"https:\/\/www.facebook.com\/excelab.mx\"],\"logo\":{\"@type\":\"ImageObject\",\"inLanguage\":\"es-MX\",\"@id\":\"https:\/\/www.excelab.mx\/#\/schema\/logo\/image\/\",\"url\":\"https:\/\/www.excelab.mx\/wp-content\/uploads\/2021\/12\/excelab_logoheader.png\",\"contentUrl\":\"https:\/\/www.excelab.mx\/wp-content\/uploads\/2021\/12\/excelab_logoheader.png\",\"width\":65,\"height\":70,\"caption\":\"Rub\u00e9n S\u00e1nchez Ram\u00edrez\"},\"image\":{\"@id\":\"https:\/\/www.excelab.mx\/#\/schema\/logo\/image\/\"}},{\"@type\":\"WebSite\",\"@id\":\"https:\/\/www.excelab.mx\/#website\",\"url\":\"https:\/\/www.excelab.mx\/\",\"name\":\"Excelab\",\"description\":\"\u00a0Distribuidores experimentados dedicados a la venta de Equipos y Reactivos biom\u00e9dicos y de de Diagn\u00f3stico Cl\u00ednico\",\"publisher\":{\"@id\":\"https:\/\/www.excelab.mx\/#organization\"},\"potentialAction\":[{\"@type\":\"SearchAction\",\"target\":{\"@type\":\"EntryPoint\",\"urlTemplate\":\"https:\/\/www.excelab.mx\/?s={search_term_string}\"},\"query-input\":\"required name=search_term_string\"}],\"inLanguage\":\"es-MX\"},{\"@type\":\"WebPage\",\"@id\":\"https:\/\/www.excelab.mx\/?page_id=3#webpage\",\"url\":\"https:\/\/www.excelab.mx\/?page_id=3\",\"name\":\"Aviso de privacidad - Excelab\",\"isPartOf\":{\"@id\":\"https:\/\/www.excelab.mx\/#website\"},\"datePublished\":\"2021-12-10T07:12:27+00:00\",\"dateModified\":\"2022-06-21T18:38:05+00:00\",\"breadcrumb\":{\"@id\":\"https:\/\/www.excelab.mx\/?page_id=3#breadcrumb\"},\"inLanguage\":\"es-MX\",\"potentialAction\":[{\"@type\":\"ReadAction\",\"target\":[\"https:\/\/www.excelab.mx\/?page_id=3\"]}]},{\"@type\":\"BreadcrumbList\",\"@id\":\"https:\/\/www.excelab.mx\/?page_id=3#breadcrumb\",\"itemListElement\":[{\"@type\":\"ListItem\",\"position\":1,\"name\":\"Inicio\",\"item\":\"https:\/\/www.excelab.mx\/\"},{\"@type\":\"ListItem\",\"position\":2,\"name\":\"Aviso de privacidad\"}]}]}<\/script>\n<!-- \/ Yoast SEO plugin. -->","yoast_head_json":{"title":"Aviso de privacidad - Excelab","robots":{"index":"index","follow":"follow","max-snippet":"max-snippet:-1","max-image-preview":"max-image-preview:large","max-video-preview":"max-video-preview:-1"},"canonical":"https:\/\/www.excelab.mx\/?page_id=3","og_locale":"es_MX","og_type":"article","og_title":"Aviso de privacidad - Excelab","og_description":"De acuerdo a lo Previsto en la \u201cLey Federal de Protecci\u00f3n de Datos Personales\u201d, declara Rub\u00e9n S\u00e1nchez Ram\u00edrez (EXCELAB), ser una empresa legalmente constituida de conformidad con las leyes mexicanas, con domicilio en Calle Campanario 40 B, Col. Villas de la Hacienda, C.P. 52929, Atizap\u00e1n de Zaragoza, Estado de M\u00e9xico. Y portal en internet www.excelab.mx Como responsable del tratamiento de sus datos personales, hacemos de su conocimiento que la informaci\u00f3n de nuestros clientes es tratada de forma estrictamente confidencial. \u00bfPara qu\u00e9 fines utilizaremos sus datos personales? Los datos personales que recabamos de usted, los utilizaremos para las siguientes finalidades que son necesarias para el servicio que solicita: \u2022Realizaci\u00f3n de Facturas. \u2022Gesti\u00f3n de contratos relacionados con los bienes y\/o servicios. \u2022Administrar y operar los servicios solicitados. \u2022Elaboraci\u00f3n de Cotizaciones. \u2022Env\u00edo de los productos adquiridos. \u2022Identificaci\u00f3n de Operaciones Bancarias. \u2022Mercadotecnia y\/o publicidad. \u2022Brindar la mejor atenci\u00f3n a los clientes. \u00bfQu\u00e9 datos personales utilizaremos para estos fines? Para llevar a cabo las finalidades descritas en el presente aviso de privacidad, utilizaremos los siguientes datos personales: \u2022Datos de identificaci\u00f3n.\u2022Datos de contacto.\u2022Datos laborales.\u2022Datos patrimoniales y\/o financieros. \u00bfC\u00f3mo puede acceder, rectificar o cancelar sus datos personales, u oponerse a su uso? Usted tiene derecho a conocer [&hellip;]","og_url":"https:\/\/www.excelab.mx\/?page_id=3","og_site_name":"Excelab","article_publisher":"https:\/\/www.facebook.com\/excelab.mx","article_modified_time":"2022-06-21T18:38:05+00:00","twitter_card":"summary_large_image","twitter_misc":{"Tiempo de lectura":"2 minutos"},"schema":{"@context":"https:\/\/schema.org","@graph":[{"@type":"Organization","@id":"https:\/\/www.excelab.mx\/#organization","name":"Rub\u00e9n S\u00e1nchez Ram\u00edrez","url":"https:\/\/www.excelab.mx\/","sameAs":["https:\/\/www.facebook.com\/excelab.mx"],"logo":{"@type":"ImageObject","inLanguage":"es-MX","@id":"https:\/\/www.excelab.mx\/#\/schema\/logo\/image\/","url":"https:\/\/www.excelab.mx\/wp-content\/uploads\/2021\/12\/excelab_logoheader.png","contentUrl":"https:\/\/www.excelab.mx\/wp-content\/uploads\/2021\/12\/excelab_logoheader.png","width":65,"height":70,"caption":"Rub\u00e9n S\u00e1nchez Ram\u00edrez"},"image":{"@id":"https:\/\/www.excelab.mx\/#\/schema\/logo\/image\/"}},{"@type":"WebSite","@id":"https:\/\/www.excelab.mx\/#website","url":"https:\/\/www.excelab.mx\/","name":"Excelab","description":"\u00a0Distribuidores experimentados dedicados a la venta de Equipos y Reactivos biom\u00e9dicos y de de Diagn\u00f3stico Cl\u00ednico","publisher":{"@id":"https:\/\/www.excelab.mx\/#organization"},"potentialAction":[{"@type":"SearchAction","target":{"@type":"EntryPoint","urlTemplate":"https:\/\/www.excelab.mx\/?s={search_term_string}"},"query-input":"required name=search_term_string"}],"inLanguage":"es-MX"},{"@type":"WebPage","@id":"https:\/\/www.excelab.mx\/?page_id=3#webpage","url":"https:\/\/www.excelab.mx\/?page_id=3","name":"Aviso de privacidad - Excelab","isPartOf":{"@id":"https:\/\/www.excelab.mx\/#website"},"datePublished":"2021-12-10T07:12:27+00:00","dateModified":"2022-06-21T18:38:05+00:00","breadcrumb":{"@id":"https:\/\/www.excelab.mx\/?page_id=3#breadcrumb"},"inLanguage":"es-MX","potentialAction":[{"@type":"ReadAction","target":["https:\/\/www.excelab.mx\/?page_id=3"]}]},{"@type":"BreadcrumbList","@id":"https:\/\/www.excelab.mx\/?page_id=3#breadcrumb","itemListElement":[{"@type":"ListItem","position":1,"name":"Inicio","item":"https:\/\/www.excelab.mx\/"},{"@type":"ListItem","position":2,"name":"Aviso de privacidad"}]}]}},"_links":{"self":[{"href":"https:\/\/www.excelab.mx\/index.php?rest_route=\/wp\/v2\/pages\/3"}],"collection":[{"href":"https:\/\/www.excelab.mx\/index.php?rest_route=\/wp\/v2\/pages"}],"about":[{"href":"https:\/\/www.excelab.mx\/index.php?rest_route=\/wp\/v2\/types\/page"}],"author":[{"embeddable":true,"href":"https:\/\/www.excelab.mx\/index.php?rest_route=\/wp\/v2\/users\/1"}],"replies":[{"embeddable":true,"href":"https:\/\/www.excelab.mx\/index.php?rest_route=%2Fwp%2Fv2%2Fcomments&post=3"}],"version-history":[{"count":12,"href":"https:\/\/www.excelab.mx\/index.php?rest_route=\/wp\/v2\/pages\/3\/revisions"}],"predecessor-version":[{"id":16284,"href":"https:\/\/www.excelab.mx\/index.php?rest_route=\/wp\/v2\/pages\/3\/revisions\/16284"}],"wp:attachment":[{"href":"https:\/\/www.excelab.mx\/index.php?rest_route=%2Fwp%2Fv2%2Fmedia&parent=3"}],"curies":[{"name":"wp","href":"https:\/\/api.w.org\/{rel}","templated":true}]}}