{"id":4174,"date":"2021-12-12T14:04:26","date_gmt":"2021-12-12T20:04:26","guid":{"rendered":"http:\/\/localhost:8888\/themes\/novice\/?page_id=4174"},"modified":"2022-07-04T11:03:17","modified_gmt":"2022-07-04T17:03:17","slug":"inicio","status":"publish","type":"page","link":"https:\/\/www.excelab.mx\/","title":{"rendered":"Inicio"},"content":{"rendered":"<p>[vc_row type=&#8221;full_width_section&#8221; bottom_padding=&#8221;25&#8243; row_id=&#8221;Slider&#8221;][vc_column width=&#8221;1\/1&#8243;]<div class=\"flexslider wpb_content_element\"><ul class=\"slides\"><li><img src=\"https:\/\/www.excelab.mx\/wp-content\/uploads\/2022\/05\/analizadores.jpeg\" alt=\"\" \/><\/li><li><img src=\"https:\/\/www.excelab.mx\/wp-content\/uploads\/2022\/05\/mantenimiento.jpeg\" alt=\"\" \/><\/li><li><img src=\"https:\/\/www.excelab.mx\/wp-content\/uploads\/2022\/07\/excelab_otros_productos.jpg\" alt=\"Otros productos\" \/><\/li><\/ul><\/div>[\/vc_column][\/vc_row][vc_row][vc_column text_align=&#8221;center&#8221; width=&#8221;1\/4&#8243;]<div class=\"single_image wpb_content_element align-center  animate image_box_circle image_box_border image_zoomout \" data-animation=\"fade-in\" data-delay=\"100\"><a href=\"https:\/\/www.excelab.mx\/?portfolio_filter=equipo-hematologia\" target=\"_self\"><img width=\"100\" height=\"100\" src=\"https:\/\/www.excelab.mx\/wp-content\/uploads\/2022\/03\/hematologia100.png\" class=\"attachment-full\" alt=\"Hematolog\u00eda\" loading=\"lazy\" srcset=\"https:\/\/www.excelab.mx\/wp-content\/uploads\/2022\/03\/hematologia100.png 100w, https:\/\/www.excelab.mx\/wp-content\/uploads\/2022\/03\/hematologia100-80x80.png 80w\" sizes=\"(max-width: 100px) 100vw, 100px\" \/><\/a><span class=\"single_image_caption\">Hematolog\u00eda<\/span><\/div>[\/vc_column][vc_column width=&#8221;1\/4&#8243;]<div class=\"single_image wpb_content_element align-center  animate image_box_circle image_box_border image_zoomout \" data-animation=\"fade-in\" data-delay=\"200\"><a href=\"https:\/\/www.excelab.mx\/?portfolio_filter=equipo-quimica-clinica\" target=\"_self\"><img width=\"100\" height=\"100\" src=\"https:\/\/www.excelab.mx\/wp-content\/uploads\/2022\/03\/quimica_clinica100.png\" class=\"attachment-full\" alt=\"Qu\u00edmica Cl\u00ednica\" loading=\"lazy\" srcset=\"https:\/\/www.excelab.mx\/wp-content\/uploads\/2022\/03\/quimica_clinica100.png 100w, https:\/\/www.excelab.mx\/wp-content\/uploads\/2022\/03\/quimica_clinica100-80x80.png 80w\" sizes=\"(max-width: 100px) 100vw, 100px\" \/><\/a><span class=\"single_image_caption\">Qu\u00edmica Cl\u00ednica<\/span><\/div>[\/vc_column][vc_column width=&#8221;1\/4&#8243;]<div class=\"single_image wpb_content_element align-center  animate image_box_circle image_box_border image_zoomout \" data-animation=\"fade-in\" data-delay=\"300\"><a href=\"https:\/\/www.excelab.mx\/?portfolio_filter=equipo-gases\" target=\"_self\"><img width=\"100\" height=\"100\" src=\"https:\/\/www.excelab.mx\/wp-content\/uploads\/2022\/03\/gases100.png\" class=\"attachment-full\" alt=\"Gases\" loading=\"lazy\" srcset=\"https:\/\/www.excelab.mx\/wp-content\/uploads\/2022\/03\/gases100.png 100w, https:\/\/www.excelab.mx\/wp-content\/uploads\/2022\/03\/gases100-80x80.png 80w\" sizes=\"(max-width: 100px) 100vw, 100px\" \/><\/a><span class=\"single_image_caption\">Gases<\/span><\/div>[\/vc_column][vc_column width=&#8221;1\/4&#8243;]<div class=\"single_image wpb_content_element align-center  animate image_box_circle image_box_border image_zoomout \" data-animation=\"fade-in\" data-delay=\"400\"><a href=\"https:\/\/www.excelab.mx\/?portfolio_filter=equipo-electrolitos\" target=\"_self\"><img width=\"100\" height=\"100\" src=\"https:\/\/www.excelab.mx\/wp-content\/uploads\/2022\/03\/electrolitos100.png\" class=\"attachment-full\" alt=\"Electrolitos\" loading=\"lazy\" srcset=\"https:\/\/www.excelab.mx\/wp-content\/uploads\/2022\/03\/electrolitos100.png 100w, https:\/\/www.excelab.mx\/wp-content\/uploads\/2022\/03\/electrolitos100-80x80.png 80w\" sizes=\"(max-width: 100px) 100vw, 100px\" \/><\/a><span class=\"single_image_caption\">Electrolitos<\/span><\/div>[\/vc_column][\/vc_row][vc_row][vc_column text_align=&#8221;center&#8221; width=&#8221;1\/3&#8243;]<div class=\"single_image wpb_content_element align-center  animate image_box_circle image_box_border image_zoomout \" data-animation=\"fade-in\" data-delay=\"100\"><a href=\"https:\/\/www.excelab.mx\/?portfolio_filter=equipo-coagulacion\" target=\"_self\"><img width=\"100\" height=\"100\" src=\"https:\/\/www.excelab.mx\/wp-content\/uploads\/2022\/03\/coagulacion100.png\" class=\"attachment-full\" alt=\"Coagulaci\u00f3n\" loading=\"lazy\" srcset=\"https:\/\/www.excelab.mx\/wp-content\/uploads\/2022\/03\/coagulacion100.png 100w, https:\/\/www.excelab.mx\/wp-content\/uploads\/2022\/03\/coagulacion100-80x80.png 80w\" sizes=\"(max-width: 100px) 100vw, 100px\" \/><\/a><span class=\"single_image_caption\">Coagulaci\u00f3n<\/span><\/div>[\/vc_column][vc_column width=&#8221;1\/3&#8243;]<div class=\"single_image wpb_content_element align-center  animate image_box_circle image_box_border image_zoomout \" data-animation=\"fade-in\" data-delay=\"200\"><a href=\"https:\/\/www.excelab.mx\/?portfolio_filter=equipo-uroanalisis\" target=\"_self\"><img width=\"100\" height=\"100\" src=\"https:\/\/www.excelab.mx\/wp-content\/uploads\/2022\/03\/uroanalisis100.png\" class=\"attachment-full\" alt=\"Uroan\u00e1lisis\" loading=\"lazy\" srcset=\"https:\/\/www.excelab.mx\/wp-content\/uploads\/2022\/03\/uroanalisis100.png 100w, https:\/\/www.excelab.mx\/wp-content\/uploads\/2022\/03\/uroanalisis100-80x80.png 80w\" sizes=\"(max-width: 100px) 100vw, 100px\" \/><\/a><span class=\"single_image_caption\">Uroan\u00e1lisis<\/span><\/div>[\/vc_column][vc_column width=&#8221;1\/3&#8243;]<div class=\"single_image wpb_content_element align-center  animate image_box_circle image_box_border image_zoomout \" data-animation=\"fade-in\" data-delay=\"300\"><a href=\"https:\/\/www.excelab.mx\/?portfolio_filter=reactivos\" target=\"_self\"><img width=\"100\" height=\"100\" src=\"https:\/\/www.excelab.mx\/wp-content\/uploads\/2022\/03\/reactivos100.png\" class=\"attachment-full\" alt=\"Reactivos\" loading=\"lazy\" srcset=\"https:\/\/www.excelab.mx\/wp-content\/uploads\/2022\/03\/reactivos100.png 100w, https:\/\/www.excelab.mx\/wp-content\/uploads\/2022\/03\/reactivos100-80x80.png 80w\" sizes=\"(max-width: 100px) 100vw, 100px\" \/><\/a><span class=\"single_image_caption\">Reactivos<\/span><\/div>[\/vc_column][\/vc_row][vc_row type=&#8221;full_width_section&#8221; bottom_padding=&#8221;5&#8243; bg_position=&#8221;center top&#8221;][vc_column animation=&#8221;fade-in-from-top&#8221; delay=&#8221;900&#8243;]<div class=\"spacer\" style=\"height: 10px;\"><\/div><h2 class=\"headline font-inherit fontsize-xl fontweight-700 lh-inherit align-center transform-inherit \" style=\"margin: 0 0 20px 0; color: #01539f;\">LOS EQUIPOS M\u00c1S VENDIDOS<\/h2><div class=\"spacer\" style=\"height: 10px;\"><\/div>[\/vc_column][vc_column el_class=&#8221;Los equipos m\u00e1s vendidos&#8221; animation=&#8221;fade-in-from-left&#8221; width=&#8221;1\/1&#8243; delay=&#8221;1100&#8243;]\n\t\t<div class=\"portfolio-element\">\n\n\t\t\n\t\t\n\t\t\t\t\t<div id=\"2066738188\" class=\"portfolio-items portfolio-nomargin portfolio-overlay-effect clearfix\" data-id=\"2066738188\">  \n\t\t\t\t\t\t\n\t\t\t\t\t\t\t\n\t\t\t\t\t\t\t\n\t\t\t\t\t\t\n\t\t\t\t\t\t\t\t\t\t\t\t\t\t\t\t\n\t\t\t\t\t\t\t\t   \n\n\t\t\t\t\t\t\t\t<div class=\"term-equipo term-equipo-uroanalisis portfolio-item nomargin\">\n\t\t\t\t\t\t\t\t\t<div class=\"portfolio-image\"><a href=\"https:\/\/www.excelab.mx\/?portfolio=clinitek-status-2\" title=\"Clinitek Status\"><div class=\"portfolio-image-img\"><img src=\"https:\/\/www.excelab.mx\/wp-content\/uploads\/2022\/04\/clinitek_status-600x400.png\" alt=\"Clinitek Status\" \/><\/div><div class=\"portfolio-overlay overlay-effect\"><span>Clinitek Status<\/span><\/div><\/a><\/div>\n\t\t\t\t\t\t\t\t<\/div>\n\n\t\t\t\t\t\t\t\t\t\t\t\t  \n\t\t\t\t\t\t\n\t\t\t\t\t\t\t\n\t\t\t\t\t\t\t\n\t\t\t\t\t\t\n\t\t\t\t\t\t\t\t\t\t\t\t\t\t\t\t\n\t\t\t\t\t\t\t\t   \n\n\t\t\t\t\t\t\t\t<div class=\"term-equipo term-equipo-quimica-clinica portfolio-item nomargin\">\n\t\t\t\t\t\t\t\t\t<div class=\"portfolio-image\"><a href=\"https:\/\/www.excelab.mx\/?portfolio=dirui-dr-7000d\" title=\"DIRUI DR-7000D\"><div class=\"portfolio-image-img\"><img src=\"https:\/\/www.excelab.mx\/wp-content\/uploads\/2022\/04\/Dirui_DR_7000D-600x400.png\" alt=\"DIRUI DR-7000D\" \/><\/div><div class=\"portfolio-overlay overlay-effect\"><span>DIRUI DR-7000D<\/span><\/div><\/a><\/div>\n\t\t\t\t\t\t\t\t<\/div>\n\n\t\t\t\t\t\t\t\t\t\t\t\t  \n\t\t\t\t\t\t\n\t\t\t\t\t\t\t\n\t\t\t\t\t\t\t\n\t\t\t\t\t\t\n\t\t\t\t\t\t\t\t\t\t\t\t\t\t\t\t\n\t\t\t\t\t\t\t\t   \n\n\t\t\t\t\t\t\t\t<div class=\"term-equipo term-equipo-quimica-clinica portfolio-item nomargin\">\n\t\t\t\t\t\t\t\t\t<div class=\"portfolio-image\"><a href=\"https:\/\/www.excelab.mx\/?portfolio=dirui-cst-180\" title=\"DIRUI CST 180\"><div class=\"portfolio-image-img\"><img src=\"https:\/\/www.excelab.mx\/wp-content\/uploads\/2022\/04\/Dirui_CS_T180-600x400.png\" alt=\"DIRUI CST 180\" \/><\/div><div class=\"portfolio-overlay overlay-effect\"><span>DIRUI CST 180<\/span><\/div><\/a><\/div>\n\t\t\t\t\t\t\t\t<\/div>\n\n\t\t\t\t\t\t\t\t\t\t\t\t  \n\t\t\t\t\t\t\n\t\t\t\t\t\t\t\n\t\t\t\t\t\t\t\n\t\t\t\t\t\t\n\t\t\t\t\t\t\t\t\t\t\t\t\t\t\t\t\n\t\t\t\t\t\t\t\t   \n\n\t\t\t\t\t\t\t\t<div class=\"term-equipo term-equipo-quimica-clinica portfolio-item nomargin\">\n\t\t\t\t\t\t\t\t\t<div class=\"portfolio-image\"><a href=\"https:\/\/www.excelab.mx\/?portfolio=microlab-200\" title=\"Microlab 200\"><div class=\"portfolio-image-img\"><img src=\"https:\/\/www.excelab.mx\/wp-content\/uploads\/2022\/04\/MicroLab_200-600x400.png\" alt=\"Microlab 200\" \/><\/div><div class=\"portfolio-overlay overlay-effect\"><span>Microlab 200<\/span><\/div><\/a><\/div>\n\t\t\t\t\t\t\t\t<\/div>\n\n\t\t\t\t\t\t\t\t\t\t\t\t  \n\t\t\t\t\t\t\t\t\t\t\t<\/div>\n\n\t\t\n\t\t<\/div>\n\t\t\t\n\t\t\t\t\n\t\t[\/vc_column][\/vc_row][vc_row top_padding=&#8221;100&#8243; bottom_padding=&#8221;100&#8243; bg_position=&#8221;left top&#8221;][vc_column animation=&#8221;fade-in-from-top&#8221; width=&#8221;1\/1&#8243; delay=&#8221;900&#8243;]<h2 class=\"headline font-inherit fontsize-xl fontweight-700 lh-inherit align-center transform-inherit \" style=\"margin: 0 0 20px 0; color: #01539f;\">NUESTROS CLIENTES OPINAN<\/h2><div class=\"testimonial-slider-wrap wpb_content_element\"><div class=\"testimonial-slide\">Lorem ipsum dolor sit amet, consetetur sadipscing elitr, sed diam nonumy eirmod tempor invidunt ut labore et dolore magna aliquyam erat, sed diam voluptua. At vero eos et accusam et justo duo dolores et ea rebum. Stet clita kasd gubergren, no sea takimata sanctus est Lorem ipsum dolor sit amet.<span>&#45; Duxee Inc.<\/span><\/div><div class=\"testimonial-slide\">Lorem ipsum dolor sit amet, consetetur sadipscing elitr, sed diam nonumy eirmod tempor invidunt ut labore et dolore magna aliquyam erat, sed diam voluptua. At vero eos et accusam et justo duo dolores et ea rebum.<span>&#45; Nnsatos<\/span><\/div><div class=\"testimonial-slide\">Lorem ipsum dolor sit amet, consetetur sadipscing elitr, sed diam nonumy eirmod tempor invidunt ut labore et dolore magna aliquyam erat, sed diam voluptua. At vero eos et accusam et justo duo dolores et ea rebum. Stet clita kasd gubergren, no sea takimata sanctus est Lorem ipsum dolor sit amet.<span>&#45; Strucks<\/span><\/div><\/div>[vc_row_inner][vc_column_inner width=&#8221;1\/4&#8243;]<div class=\"single_image wpb_content_element align-left  animate   \" data-animation=\"fade-in-from-left\" data-delay=\"300\"><img width=\"600\" height=\"200\" src=\"https:\/\/www.excelab.mx\/wp-content\/uploads\/2021\/12\/interbio-1.png\" class=\"attachment-full\" alt=\"\" loading=\"lazy\" srcset=\"https:\/\/www.excelab.mx\/wp-content\/uploads\/2021\/12\/interbio-1.png 600w, https:\/\/www.excelab.mx\/wp-content\/uploads\/2021\/12\/interbio-1-300x100.png 300w\" sizes=\"(max-width: 600px) 100vw, 600px\" \/><\/div>[\/vc_column_inner][vc_column_inner width=&#8221;1\/4&#8243;]<div class=\"single_image wpb_content_element align-left  animate   \" data-animation=\"fade-in-from-left\" data-delay=\"600\"><img width=\"600\" height=\"200\" src=\"https:\/\/www.excelab.mx\/wp-content\/uploads\/2021\/12\/diamond.png\" class=\"attachment-full\" alt=\"\" loading=\"lazy\" srcset=\"https:\/\/www.excelab.mx\/wp-content\/uploads\/2021\/12\/diamond.png 600w, https:\/\/www.excelab.mx\/wp-content\/uploads\/2021\/12\/diamond-300x100.png 300w\" sizes=\"(max-width: 600px) 100vw, 600px\" \/><\/div>[\/vc_column_inner][vc_column_inner width=&#8221;1\/4&#8243;]<div class=\"single_image wpb_content_element align-left  animate   \" data-animation=\"fade-in-from-left\" data-delay=\"900\"><img width=\"600\" height=\"200\" src=\"https:\/\/www.excelab.mx\/wp-content\/uploads\/2021\/12\/medica.png\" class=\"attachment-full\" alt=\"\" loading=\"lazy\" srcset=\"https:\/\/www.excelab.mx\/wp-content\/uploads\/2021\/12\/medica.png 600w, https:\/\/www.excelab.mx\/wp-content\/uploads\/2021\/12\/medica-300x100.png 300w\" sizes=\"(max-width: 600px) 100vw, 600px\" \/><\/div>[\/vc_column_inner][vc_column_inner width=&#8221;1\/4&#8243;]<div class=\"single_image wpb_content_element align-left  animate   \" data-animation=\"fade-in-from-left\" data-delay=\"1200\"><img width=\"600\" height=\"200\" src=\"https:\/\/www.excelab.mx\/wp-content\/uploads\/2021\/12\/siemens.png\" class=\"attachment-full\" alt=\"\" loading=\"lazy\" srcset=\"https:\/\/www.excelab.mx\/wp-content\/uploads\/2021\/12\/siemens.png 600w, https:\/\/www.excelab.mx\/wp-content\/uploads\/2021\/12\/siemens-300x100.png 300w\" sizes=\"(max-width: 600px) 100vw, 600px\" \/><\/div>[\/vc_column_inner][\/vc_row_inner][\/vc_column][\/vc_row]<\/p>\n","protected":false},"excerpt":{"rendered":"<p>[vc_row type=&#8221;full_width_section&#8221; bottom_padding=&#8221;25&#8243; row_id=&#8221;Slider&#8221;][vc_column width=&#8221;1\/1&#8243;][\/vc_column][\/vc_row][vc_row][vc_column text_align=&#8221;center&#8221; width=&#8221;1\/4&#8243;][\/vc_column][vc_column width=&#8221;1\/4&#8243;][\/vc_column][vc_column width=&#8221;1\/4&#8243;][\/vc_column][vc_column width=&#8221;1\/4&#8243;][\/vc_column][\/vc_row][vc_row][vc_column text_align=&#8221;center&#8221; width=&#8221;1\/3&#8243;][\/vc_column][vc_column width=&#8221;1\/3&#8243;][\/vc_column][vc_column width=&#8221;1\/3&#8243;][\/vc_column][\/vc_row][vc_row type=&#8221;full_width_section&#8221; bottom_padding=&#8221;5&#8243; bg_position=&#8221;center top&#8221;][vc_column animation=&#8221;fade-in-from-top&#8221; delay=&#8221;900&#8243;][\/vc_column][vc_column el_class=&#8221;Los equipos m\u00e1s vendidos&#8221; animation=&#8221;fade-in-from-left&#8221; width=&#8221;1\/1&#8243; delay=&#8221;1100&#8243;][\/vc_column][\/vc_row][vc_row top_padding=&#8221;100&#8243; bottom_padding=&#8221;100&#8243; bg_position=&#8221;left top&#8221;][vc_column animation=&#8221;fade-in-from-top&#8221; width=&#8221;1\/1&#8243; delay=&#8221;900&#8243;][vc_row_inner][vc_column_inner width=&#8221;1\/4&#8243;][\/vc_column_inner][vc_column_inner width=&#8221;1\/4&#8243;][\/vc_column_inner][vc_column_inner width=&#8221;1\/4&#8243;][\/vc_column_inner][vc_column_inner width=&#8221;1\/4&#8243;][\/vc_column_inner][\/vc_row_inner][\/vc_column][\/vc_row]<\/p>\n","protected":false},"author":1,"featured_media":0,"parent":0,"menu_order":0,"comment_status":"closed","ping_status":"closed","template":"","meta":[],"yoast_head":"<!-- This site is optimized with the Yoast SEO plugin v19.1 - https:\/\/yoast.com\/wordpress\/plugins\/seo\/ -->\n<title>Inicio - Excelab<\/title>\n<meta name=\"robots\" content=\"index, follow, max-snippet:-1, max-image-preview:large, max-video-preview:-1\" \/>\n<link rel=\"canonical\" href=\"https:\/\/www.excelab.mx\/\" \/>\n<meta property=\"og:locale\" content=\"es_MX\" \/>\n<meta property=\"og:type\" content=\"article\" \/>\n<meta property=\"og:title\" content=\"Inicio - Excelab\" \/>\n<meta property=\"og:description\" content=\"[vc_row type=&#8221;full_width_section&#8221; bottom_padding=&#8221;25&#8243; row_id=&#8221;Slider&#8221;][vc_column width=&#8221;1\/1&#8243;][\/vc_column][\/vc_row][vc_row][vc_column text_align=&#8221;center&#8221; width=&#8221;1\/4&#8243;][\/vc_column][vc_column width=&#8221;1\/4&#8243;][\/vc_column][vc_column width=&#8221;1\/4&#8243;][\/vc_column][vc_column width=&#8221;1\/4&#8243;][\/vc_column][\/vc_row][vc_row][vc_column text_align=&#8221;center&#8221; width=&#8221;1\/3&#8243;][\/vc_column][vc_column width=&#8221;1\/3&#8243;][\/vc_column][vc_column width=&#8221;1\/3&#8243;][\/vc_column][\/vc_row][vc_row type=&#8221;full_width_section&#8221; bottom_padding=&#8221;5&#8243; bg_position=&#8221;center top&#8221;][vc_column animation=&#8221;fade-in-from-top&#8221; delay=&#8221;900&#8243;][\/vc_column][vc_column el_class=&#8221;Los equipos m\u00e1s vendidos&#8221; animation=&#8221;fade-in-from-left&#8221; width=&#8221;1\/1&#8243; delay=&#8221;1100&#8243;][\/vc_column][\/vc_row][vc_row top_padding=&#8221;100&#8243; bottom_padding=&#8221;100&#8243; bg_position=&#8221;left top&#8221;][vc_column animation=&#8221;fade-in-from-top&#8221; width=&#8221;1\/1&#8243; delay=&#8221;900&#8243;][vc_row_inner][vc_column_inner width=&#8221;1\/4&#8243;][\/vc_column_inner][vc_column_inner width=&#8221;1\/4&#8243;][\/vc_column_inner][vc_column_inner width=&#8221;1\/4&#8243;][\/vc_column_inner][vc_column_inner width=&#8221;1\/4&#8243;][\/vc_column_inner][\/vc_row_inner][\/vc_column][\/vc_row]\" \/>\n<meta property=\"og:url\" content=\"https:\/\/www.excelab.mx\/\" \/>\n<meta property=\"og:site_name\" content=\"Excelab\" \/>\n<meta property=\"article:publisher\" content=\"https:\/\/www.facebook.com\/excelab.mx\" \/>\n<meta property=\"article:modified_time\" content=\"2022-07-04T17:03:17+00:00\" \/>\n<meta name=\"twitter:card\" content=\"summary_large_image\" \/>\n<meta name=\"twitter:label1\" content=\"Tiempo de lectura\" \/>\n\t<meta name=\"twitter:data1\" content=\"3 minutos\" \/>\n<script type=\"application\/ld+json\" class=\"yoast-schema-graph\">{\"@context\":\"https:\/\/schema.org\",\"@graph\":[{\"@type\":\"Organization\",\"@id\":\"https:\/\/www.excelab.mx\/#organization\",\"name\":\"Rub\u00e9n S\u00e1nchez Ram\u00edrez\",\"url\":\"https:\/\/www.excelab.mx\/\",\"sameAs\":[\"https:\/\/www.facebook.com\/excelab.mx\"],\"logo\":{\"@type\":\"ImageObject\",\"inLanguage\":\"es-MX\",\"@id\":\"https:\/\/www.excelab.mx\/#\/schema\/logo\/image\/\",\"url\":\"https:\/\/www.excelab.mx\/wp-content\/uploads\/2021\/12\/excelab_logoheader.png\",\"contentUrl\":\"https:\/\/www.excelab.mx\/wp-content\/uploads\/2021\/12\/excelab_logoheader.png\",\"width\":65,\"height\":70,\"caption\":\"Rub\u00e9n S\u00e1nchez Ram\u00edrez\"},\"image\":{\"@id\":\"https:\/\/www.excelab.mx\/#\/schema\/logo\/image\/\"}},{\"@type\":\"WebSite\",\"@id\":\"https:\/\/www.excelab.mx\/#website\",\"url\":\"https:\/\/www.excelab.mx\/\",\"name\":\"Excelab\",\"description\":\"\u00a0Distribuidores experimentados dedicados a la venta de Equipos y Reactivos biom\u00e9dicos y de de Diagn\u00f3stico Cl\u00ednico\",\"publisher\":{\"@id\":\"https:\/\/www.excelab.mx\/#organization\"},\"potentialAction\":[{\"@type\":\"SearchAction\",\"target\":{\"@type\":\"EntryPoint\",\"urlTemplate\":\"https:\/\/www.excelab.mx\/?s={search_term_string}\"},\"query-input\":\"required name=search_term_string\"}],\"inLanguage\":\"es-MX\"},{\"@type\":\"WebPage\",\"@id\":\"https:\/\/www.excelab.mx\/#webpage\",\"url\":\"https:\/\/www.excelab.mx\/\",\"name\":\"Inicio - Excelab\",\"isPartOf\":{\"@id\":\"https:\/\/www.excelab.mx\/#website\"},\"datePublished\":\"2021-12-12T20:04:26+00:00\",\"dateModified\":\"2022-07-04T17:03:17+00:00\",\"breadcrumb\":{\"@id\":\"https:\/\/www.excelab.mx\/#breadcrumb\"},\"inLanguage\":\"es-MX\",\"potentialAction\":[{\"@type\":\"ReadAction\",\"target\":[\"https:\/\/www.excelab.mx\/\"]}]},{\"@type\":\"BreadcrumbList\",\"@id\":\"https:\/\/www.excelab.mx\/#breadcrumb\",\"itemListElement\":[{\"@type\":\"ListItem\",\"position\":1,\"name\":\"Inicio\",\"item\":\"https:\/\/www.excelab.mx\/\"},{\"@type\":\"ListItem\",\"position\":2,\"name\":\"Inicio\"}]}]}<\/script>\n<!-- \/ Yoast SEO plugin. -->","yoast_head_json":{"title":"Inicio - Excelab","robots":{"index":"index","follow":"follow","max-snippet":"max-snippet:-1","max-image-preview":"max-image-preview:large","max-video-preview":"max-video-preview:-1"},"canonical":"https:\/\/www.excelab.mx\/","og_locale":"es_MX","og_type":"article","og_title":"Inicio - Excelab","og_description":"[vc_row type=&#8221;full_width_section&#8221; bottom_padding=&#8221;25&#8243; row_id=&#8221;Slider&#8221;][vc_column width=&#8221;1\/1&#8243;][\/vc_column][\/vc_row][vc_row][vc_column text_align=&#8221;center&#8221; width=&#8221;1\/4&#8243;][\/vc_column][vc_column width=&#8221;1\/4&#8243;][\/vc_column][vc_column width=&#8221;1\/4&#8243;][\/vc_column][vc_column width=&#8221;1\/4&#8243;][\/vc_column][\/vc_row][vc_row][vc_column text_align=&#8221;center&#8221; width=&#8221;1\/3&#8243;][\/vc_column][vc_column width=&#8221;1\/3&#8243;][\/vc_column][vc_column width=&#8221;1\/3&#8243;][\/vc_column][\/vc_row][vc_row type=&#8221;full_width_section&#8221; bottom_padding=&#8221;5&#8243; bg_position=&#8221;center top&#8221;][vc_column animation=&#8221;fade-in-from-top&#8221; delay=&#8221;900&#8243;][\/vc_column][vc_column el_class=&#8221;Los equipos m\u00e1s vendidos&#8221; animation=&#8221;fade-in-from-left&#8221; width=&#8221;1\/1&#8243; delay=&#8221;1100&#8243;][\/vc_column][\/vc_row][vc_row top_padding=&#8221;100&#8243; bottom_padding=&#8221;100&#8243; bg_position=&#8221;left top&#8221;][vc_column animation=&#8221;fade-in-from-top&#8221; width=&#8221;1\/1&#8243; delay=&#8221;900&#8243;][vc_row_inner][vc_column_inner width=&#8221;1\/4&#8243;][\/vc_column_inner][vc_column_inner width=&#8221;1\/4&#8243;][\/vc_column_inner][vc_column_inner width=&#8221;1\/4&#8243;][\/vc_column_inner][vc_column_inner width=&#8221;1\/4&#8243;][\/vc_column_inner][\/vc_row_inner][\/vc_column][\/vc_row]","og_url":"https:\/\/www.excelab.mx\/","og_site_name":"Excelab","article_publisher":"https:\/\/www.facebook.com\/excelab.mx","article_modified_time":"2022-07-04T17:03:17+00:00","twitter_card":"summary_large_image","twitter_misc":{"Tiempo de lectura":"3 minutos"},"schema":{"@context":"https:\/\/schema.org","@graph":[{"@type":"Organization","@id":"https:\/\/www.excelab.mx\/#organization","name":"Rub\u00e9n S\u00e1nchez Ram\u00edrez","url":"https:\/\/www.excelab.mx\/","sameAs":["https:\/\/www.facebook.com\/excelab.mx"],"logo":{"@type":"ImageObject","inLanguage":"es-MX","@id":"https:\/\/www.excelab.mx\/#\/schema\/logo\/image\/","url":"https:\/\/www.excelab.mx\/wp-content\/uploads\/2021\/12\/excelab_logoheader.png","contentUrl":"https:\/\/www.excelab.mx\/wp-content\/uploads\/2021\/12\/excelab_logoheader.png","width":65,"height":70,"caption":"Rub\u00e9n S\u00e1nchez Ram\u00edrez"},"image":{"@id":"https:\/\/www.excelab.mx\/#\/schema\/logo\/image\/"}},{"@type":"WebSite","@id":"https:\/\/www.excelab.mx\/#website","url":"https:\/\/www.excelab.mx\/","name":"Excelab","description":"\u00a0Distribuidores experimentados dedicados a la venta de Equipos y Reactivos biom\u00e9dicos y de de Diagn\u00f3stico Cl\u00ednico","publisher":{"@id":"https:\/\/www.excelab.mx\/#organization"},"potentialAction":[{"@type":"SearchAction","target":{"@type":"EntryPoint","urlTemplate":"https:\/\/www.excelab.mx\/?s={search_term_string}"},"query-input":"required name=search_term_string"}],"inLanguage":"es-MX"},{"@type":"WebPage","@id":"https:\/\/www.excelab.mx\/#webpage","url":"https:\/\/www.excelab.mx\/","name":"Inicio - Excelab","isPartOf":{"@id":"https:\/\/www.excelab.mx\/#website"},"datePublished":"2021-12-12T20:04:26+00:00","dateModified":"2022-07-04T17:03:17+00:00","breadcrumb":{"@id":"https:\/\/www.excelab.mx\/#breadcrumb"},"inLanguage":"es-MX","potentialAction":[{"@type":"ReadAction","target":["https:\/\/www.excelab.mx\/"]}]},{"@type":"BreadcrumbList","@id":"https:\/\/www.excelab.mx\/#breadcrumb","itemListElement":[{"@type":"ListItem","position":1,"name":"Inicio","item":"https:\/\/www.excelab.mx\/"},{"@type":"ListItem","position":2,"name":"Inicio"}]}]}},"_links":{"self":[{"href":"https:\/\/www.excelab.mx\/index.php?rest_route=\/wp\/v2\/pages\/4174"}],"collection":[{"href":"https:\/\/www.excelab.mx\/index.php?rest_route=\/wp\/v2\/pages"}],"about":[{"href":"https:\/\/www.excelab.mx\/index.php?rest_route=\/wp\/v2\/types\/page"}],"author":[{"embeddable":true,"href":"https:\/\/www.excelab.mx\/index.php?rest_route=\/wp\/v2\/users\/1"}],"replies":[{"embeddable":true,"href":"https:\/\/www.excelab.mx\/index.php?rest_route=%2Fwp%2Fv2%2Fcomments&post=4174"}],"version-history":[{"count":86,"href":"https:\/\/www.excelab.mx\/index.php?rest_route=\/wp\/v2\/pages\/4174\/revisions"}],"predecessor-version":[{"id":16311,"href":"https:\/\/www.excelab.mx\/index.php?rest_route=\/wp\/v2\/pages\/4174\/revisions\/16311"}],"wp:attachment":[{"href":"https:\/\/www.excelab.mx\/index.php?rest_route=%2Fwp%2Fv2%2Fmedia&parent=4174"}],"curies":[{"name":"wp","href":"https:\/\/api.w.org\/{rel}","templated":true}]}}