{"id":4982,"date":"2021-12-10T16:32:51","date_gmt":"2021-12-10T22:32:51","guid":{"rendered":"http:\/\/localhost:8888\/themes\/ventory\/?page_id=4982"},"modified":"2022-06-23T16:03:18","modified_gmt":"2022-06-23T22:03:18","slug":"contacto","status":"publish","type":"page","link":"https:\/\/www.excelab.mx\/?page_id=4982","title":{"rendered":"Contacto"},"content":{"rendered":"<p>[vc_row type=&#8221;full_width_section&#8221;][vc_column animation=&#8221;fade-in-from-top&#8221; width=&#8221;1\/1&#8243; delay=&#8221;900&#8243;]<div class=\"single_image wpb_content_element align-left  animate   \" data-animation=\"fade-in\" data-delay=\"900\"><img width=\"1280\" height=\"194\" src=\"https:\/\/www.excelab.mx\/wp-content\/uploads\/2022\/05\/excelab_chris.jpeg\" class=\"attachment-full\" alt=\"Cont\u00e1ctenos\" loading=\"lazy\" srcset=\"https:\/\/www.excelab.mx\/wp-content\/uploads\/2022\/05\/excelab_chris.jpeg 1280w, https:\/\/www.excelab.mx\/wp-content\/uploads\/2022\/05\/excelab_chris-300x45.jpeg 300w, https:\/\/www.excelab.mx\/wp-content\/uploads\/2022\/05\/excelab_chris-1024x155.jpeg 1024w, https:\/\/www.excelab.mx\/wp-content\/uploads\/2022\/05\/excelab_chris-768x116.jpeg 768w\" sizes=\"(max-width: 1280px) 100vw, 1280px\" \/><\/div>[\/vc_column][\/vc_row][vc_row top_padding=&#8221;50&#8243; bottom_padding=&#8221;50&#8243; bg_position=&#8221;left top&#8221;][vc_column animation=&#8221;fade-in-from-left&#8221; width=&#8221;1\/4&#8243; delay=&#8221;300&#8243;]<h2 class=\"headline font-special fontsize-m fontweight-700 lh-inherit align-left transform-uppercase \" style=\"margin: 0 0 20px 0; color: #01539f;\">\u00a1Ll\u00e1menos!<\/h2>[vc_column_text]<\/p>\n<blockquote><p>Si desea obtener m\u00e1s informaci\u00f3n sobre nuestros productos y servicios, ll\u00e1menos o llene el formulario para ponernos en contacto con usted.<\/p>\n<p>Con gusto le atenderemos.<\/p><\/blockquote>\n<p>[\/vc_column_text]<div class=\"headline font-special fontsize-xl fontweight-700 lh-inherit align-left transform-uppercase \" style=\"margin: -20px 0 -10px 0; color: #01539f;\">55 5819 9705<\/div><h5 class=\"headline font-special fontsize-m fontweight-700 lh-inherit align-left transform-uppercase \" style=\"margin: 0 0 20px 0; color: #999999;\">Abierto de<br \/>\n8:00 a 18:00 hrs.<\/h5>[\/vc_column][vc_column animation=&#8221;fade-in-from-right&#8221; bg_color=&#8221;#ebebeb&#8221; width=&#8221;3\/4&#8243; delay=&#8221;600&#8243;]<h2 class=\"headline font-special fontsize-m fontweight-700 lh-inherit align-left transform-uppercase \" style=\"margin: 0 0 20px 0; color: #01539f;\">Formulario de contacto<\/h2>[vc_column_text]<div id=\"sform-introduction-2\" class=\"sform-introduction \"><p>Por favor, rellena el siguiente formulario y nos pondremos en contacto contigo lo antes posible.<\/p><p>Los campos obligatorios est\u00e1n marcados con (*).<\/p><\/div><div id=\"sform-confirmation-2\" class=\"sform-confirmation\" tabindex=\"-1\"><\/div><form id=\"form-2\" method=\"post\"  class=\"sform  needs-focus default\" form=\"2\"><div class=\"sform-field-group name  \"><label for=\"sform-name-2\" class=\"sform \">Nombre<span class=\"required-symbol mark \">&lowast;<\/span><\/label><div class=\"\"><input type=\"text\" name=\"sform-name\" id=\"sform-name-2\" class=\"sform-field\" value=\"\" placeholder=\"\" required parent=\"2\"><div id=\"name-error-2\" class=\"error-des\"><span>Por favor, proporciona tu nombre<\/span><\/div><\/div><\/div><div class=\"sform-field-group email half \"><label for=\"sform-email-2\" class=\"sform \">Correo electr\u00f3nico<span class=\"required-symbol mark \">&lowast;<\/span><\/label><div class=\"\"><input type=\"email\" name=\"sform-email\" id=\"sform-email-2\" class=\"sform-field\" value=\"\" placeholder=\"\" required parent=\"2\" ><div id=\"email-error-2\" class=\"error-des\"><span>Por favor, proporciona tu direcci\u00f3n de correo electr\u00f3nico<\/span><\/div><\/div><\/div><div class=\"sform-field-group phone half \"><label for=\"sform-phone-2\" class=\"sform \">Tel\u00e9fono<span class=\"required-symbol mark d-none\"><\/span><\/label><div class=\"\"><input type=\"tel\" name=\"sform-phone\" id=\"sform-phone-2\" class=\"sform-field\" value=\"\" placeholder=\"\"  parent=\"2\"><div id=\"phone-error-2\" class=\"error-des\"><span>Por favor, proporciona tu n\u00famero de tel\u00e9fono<\/span><\/div><\/div><\/div><div class=\"sform-field-group \"><label for=\"sform-subject-2\" class=\"sform \">Asunto<span class=\"required-symbol mark d-none\"><\/span><\/label><div class=\"\"><input type=\"text\" name=\"sform-subject\" id=\"sform-subject-2\" class=\"sform-field\"  parent=\"2\" value=\"\" placeholder=\"Informaci\u00f3n - Cotizaci\u00f3n - Contacto\" ><div id=\"subject-error-2\" class=\"error-des\"><span>Por favor, introduce asunto de solicitud<\/span><\/div><\/div><\/div><div class=\"sform-field-group \"><label for=\"sform-message-2\" class=\"sform \">Mensaje<span class=\"required-symbol mark\">&lowast;<\/span><\/label><div class=\"\"><textarea name=\"sform-message\" id=\"sform-message-2\" rows=\"10\" type=\"textarea\" class=\"sform-field\" required  placeholder=\"Agregue el c\u00f3digo del equipo o reactivo de su inter\u00e9s\" parent=\"2\"><\/textarea><div id=\"message-error-2\" class=\"error-des\"><span>Por favor, introduce tu mensaje<\/span><\/div><\/div><\/div><div class=\"sform-field-group checkbox \"><input type=\"checkbox\" name=\"sform-consent\" id=\"sform-consent-2\" class=\"sform-field sform checkbox\" value=\"false\"  required parent=\"2\"><label for=\"sform-consent-2\" class=\"sform checkbox\"><span class=\"checkmark \"><\/span>He le\u00eddo y acepto los t\u00e9rminos del <a href=\"https:\/\/www.excelab.mx\/?page_id=3\" target=\"_blank\">Aviso de Privacidad<\/a><span class=\"required-symbol mark \">&lowast;<\/span><\/label><\/div><div class=\"sform-field-group \" id=\"captcha-container-2\"><label for=\"sform-captcha-2\" class=\"sform \">Prueba de que no soy un robot<span class=\"required-symbol mark\">&lowast;<\/span><\/label><div id=\"captcha-field-2\" class=\"captcha \"><input id=\"captcha_one-2\" type=\"hidden\" name=\"captcha_one\" value=\"88\"\/><input id=\"captcha_two-2\" type=\"hidden\" name=\"captcha_two\" value=\"5\"\/><input id=\"captcha-question-2\" type=\"text\" class=\"sform-field question\" readonly=\"readonly\" tabindex=\"-1\" value=\"88&nbsp;&nbsp;+&nbsp;&nbsp;5&nbsp;&nbsp;=\" \/><input type=\"number\" id=\"sform-captcha-2\" name=\"sform-captcha\" class=\"sform-field captcha \"  min=\"11\" max=\"108\" data-maxlength=\"3\" oninput=\"this.value=this.value.slice(0,this.dataset.maxlength)\" parent=\"2\" required parent=\"2\" value=\"\" \/><\/div><div id=\"captcha-error-2\" class=\"captcha-error error-des \"><span class=\"\">Por favor, introduce una respuesta<\/span><\/div><\/div><div class=\"d-none\"><input type=\"hidden\" id=\"sform_nonce\" name=\"sform_nonce\" value=\"ed5996a703\" \/><input type=\"hidden\" name=\"_wp_http_referer\" value=\"\/index.php?rest_route=%2Fwp%2Fv2%2Fpages%2F4982\" \/><input type=\"hidden\" id=\"form-id-2\" name=\"form-id\" value=\"2\" \/><input type=\"hidden\" id=\"\" name=\"multiple-errors\" value=\"Hay algunos errores que tienen que ser corregidos\" \/><\/div><div class=\"carrots\"><label for=\"url-site-2\">Fake Url<\/label><input type=\"text\" id=\"url-2\" name=\"url-site\" value=\"\" tabindex=\"-1\" autocomplete=\"off\" \/><br><label for=\"hobbies-2\">Fake Hobbies<\/label><input type=\"text\" id=\"hobbies-2\" name=\"hobbies\" value=\"\" tabindex=\"-1\" autocomplete=\"off\" \/><br><input type=\"checkbox\" id=\"contact-phone-2\" name=\"contact-phone\" value=\"false\" tabindex=\"-1\" autocomplete=\"off\"><label for=\"contact-phone\">Contact me by telephone<\/label><\/div><div id=\"errors-2\" tabindex=\"-1\" class=\"msgoutside \"><span id=\"error-message-2\" class=\"message \">Hay algunos errores que tienen que ser corregidos<\/span><noscript><div class=\"noscript\"><span id=\"error-message-2\" class=\"message v-visible\">Para funcionar correctamente, este formulario necesita que JavaScript est\u00e9 activado. Por favor, act\u00edvalo. \u00a1Gracias!<\/span><\/div><\/noscript><\/div><div id=\"sform-submit-wrap-2\" class=\"submit-wrap center \"><button name=\"submission\" id=\"submission-2\" type=\"submit\" class=\"sform \">Enviar<\/button><\/div><\/form><div id=\"sform-bottom-2\" class=\"sform-bottom \"><\/div>[\/vc_column_text][\/vc_column][\/vc_row]<\/p>\n","protected":false},"excerpt":{"rendered":"<p>[vc_row type=&#8221;full_width_section&#8221;][vc_column animation=&#8221;fade-in-from-top&#8221; width=&#8221;1\/1&#8243; delay=&#8221;900&#8243;][\/vc_column][\/vc_row][vc_row top_padding=&#8221;50&#8243; bottom_padding=&#8221;50&#8243; bg_position=&#8221;left top&#8221;][vc_column animation=&#8221;fade-in-from-left&#8221; width=&#8221;1\/4&#8243; delay=&#8221;300&#8243;][vc_column_text] Si desea obtener m\u00e1s informaci\u00f3n sobre nuestros productos y servicios, ll\u00e1menos o llene el formulario para ponernos en contacto con usted. Con gusto le atenderemos. [\/vc_column_text][\/vc_column][vc_column animation=&#8221;fade-in-from-right&#8221; bg_color=&#8221;#ebebeb&#8221; width=&#8221;3\/4&#8243; delay=&#8221;600&#8243;][vc_column_text][\/vc_column_text][\/vc_column][\/vc_row]<\/p>\n","protected":false},"author":1,"featured_media":0,"parent":0,"menu_order":0,"comment_status":"open","ping_status":"closed","template":"","meta":[],"yoast_head":"<!-- This site is optimized with the Yoast SEO plugin v19.1 - https:\/\/yoast.com\/wordpress\/plugins\/seo\/ -->\n<title>Contacto - Excelab<\/title>\n<meta name=\"robots\" content=\"index, follow, max-snippet:-1, max-image-preview:large, max-video-preview:-1\" \/>\n<link rel=\"canonical\" href=\"https:\/\/www.excelab.mx\/?page_id=4982\" \/>\n<meta property=\"og:locale\" content=\"es_MX\" \/>\n<meta property=\"og:type\" content=\"article\" \/>\n<meta property=\"og:title\" content=\"Contacto - Excelab\" \/>\n<meta property=\"og:description\" content=\"[vc_row type=&#8221;full_width_section&#8221;][vc_column animation=&#8221;fade-in-from-top&#8221; width=&#8221;1\/1&#8243; delay=&#8221;900&#8243;][\/vc_column][\/vc_row][vc_row top_padding=&#8221;50&#8243; bottom_padding=&#8221;50&#8243; bg_position=&#8221;left top&#8221;][vc_column animation=&#8221;fade-in-from-left&#8221; width=&#8221;1\/4&#8243; delay=&#8221;300&#8243;][vc_column_text] Si desea obtener m\u00e1s informaci\u00f3n sobre nuestros productos y servicios, ll\u00e1menos o llene el formulario para ponernos en contacto con usted. Con gusto le atenderemos. [\/vc_column_text][\/vc_column][vc_column animation=&#8221;fade-in-from-right&#8221; bg_color=&#8221;#ebebeb&#8221; width=&#8221;3\/4&#8243; delay=&#8221;600&#8243;][vc_column_text][\/vc_column_text][\/vc_column][\/vc_row]\" \/>\n<meta property=\"og:url\" content=\"https:\/\/www.excelab.mx\/?page_id=4982\" \/>\n<meta property=\"og:site_name\" content=\"Excelab\" \/>\n<meta property=\"article:publisher\" content=\"https:\/\/www.facebook.com\/excelab.mx\" \/>\n<meta property=\"article:modified_time\" content=\"2022-06-23T22:03:18+00:00\" \/>\n<meta name=\"twitter:card\" content=\"summary_large_image\" \/>\n<meta name=\"twitter:label1\" content=\"Tiempo de lectura\" \/>\n\t<meta name=\"twitter:data1\" content=\"1 minuto\" \/>\n<script type=\"application\/ld+json\" class=\"yoast-schema-graph\">{\"@context\":\"https:\/\/schema.org\",\"@graph\":[{\"@type\":\"Organization\",\"@id\":\"https:\/\/www.excelab.mx\/#organization\",\"name\":\"Rub\u00e9n S\u00e1nchez Ram\u00edrez\",\"url\":\"https:\/\/www.excelab.mx\/\",\"sameAs\":[\"https:\/\/www.facebook.com\/excelab.mx\"],\"logo\":{\"@type\":\"ImageObject\",\"inLanguage\":\"es-MX\",\"@id\":\"https:\/\/www.excelab.mx\/#\/schema\/logo\/image\/\",\"url\":\"https:\/\/www.excelab.mx\/wp-content\/uploads\/2021\/12\/excelab_logoheader.png\",\"contentUrl\":\"https:\/\/www.excelab.mx\/wp-content\/uploads\/2021\/12\/excelab_logoheader.png\",\"width\":65,\"height\":70,\"caption\":\"Rub\u00e9n S\u00e1nchez Ram\u00edrez\"},\"image\":{\"@id\":\"https:\/\/www.excelab.mx\/#\/schema\/logo\/image\/\"}},{\"@type\":\"WebSite\",\"@id\":\"https:\/\/www.excelab.mx\/#website\",\"url\":\"https:\/\/www.excelab.mx\/\",\"name\":\"Excelab\",\"description\":\"\u00a0Distribuidores experimentados dedicados a la venta de Equipos y Reactivos biom\u00e9dicos y de de Diagn\u00f3stico Cl\u00ednico\",\"publisher\":{\"@id\":\"https:\/\/www.excelab.mx\/#organization\"},\"potentialAction\":[{\"@type\":\"SearchAction\",\"target\":{\"@type\":\"EntryPoint\",\"urlTemplate\":\"https:\/\/www.excelab.mx\/?s={search_term_string}\"},\"query-input\":\"required name=search_term_string\"}],\"inLanguage\":\"es-MX\"},{\"@type\":\"WebPage\",\"@id\":\"https:\/\/www.excelab.mx\/?page_id=4982#webpage\",\"url\":\"https:\/\/www.excelab.mx\/?page_id=4982\",\"name\":\"Contacto - Excelab\",\"isPartOf\":{\"@id\":\"https:\/\/www.excelab.mx\/#website\"},\"datePublished\":\"2021-12-10T22:32:51+00:00\",\"dateModified\":\"2022-06-23T22:03:18+00:00\",\"breadcrumb\":{\"@id\":\"https:\/\/www.excelab.mx\/?page_id=4982#breadcrumb\"},\"inLanguage\":\"es-MX\",\"potentialAction\":[{\"@type\":\"ReadAction\",\"target\":[\"https:\/\/www.excelab.mx\/?page_id=4982\"]}]},{\"@type\":\"BreadcrumbList\",\"@id\":\"https:\/\/www.excelab.mx\/?page_id=4982#breadcrumb\",\"itemListElement\":[{\"@type\":\"ListItem\",\"position\":1,\"name\":\"Inicio\",\"item\":\"https:\/\/www.excelab.mx\/\"},{\"@type\":\"ListItem\",\"position\":2,\"name\":\"Contacto\"}]}]}<\/script>\n<!-- \/ Yoast SEO plugin. -->","yoast_head_json":{"title":"Contacto - Excelab","robots":{"index":"index","follow":"follow","max-snippet":"max-snippet:-1","max-image-preview":"max-image-preview:large","max-video-preview":"max-video-preview:-1"},"canonical":"https:\/\/www.excelab.mx\/?page_id=4982","og_locale":"es_MX","og_type":"article","og_title":"Contacto - Excelab","og_description":"[vc_row type=&#8221;full_width_section&#8221;][vc_column animation=&#8221;fade-in-from-top&#8221; width=&#8221;1\/1&#8243; delay=&#8221;900&#8243;][\/vc_column][\/vc_row][vc_row top_padding=&#8221;50&#8243; bottom_padding=&#8221;50&#8243; bg_position=&#8221;left top&#8221;][vc_column animation=&#8221;fade-in-from-left&#8221; width=&#8221;1\/4&#8243; delay=&#8221;300&#8243;][vc_column_text] Si desea obtener m\u00e1s informaci\u00f3n sobre nuestros productos y servicios, ll\u00e1menos o llene el formulario para ponernos en contacto con usted. Con gusto le atenderemos. [\/vc_column_text][\/vc_column][vc_column animation=&#8221;fade-in-from-right&#8221; bg_color=&#8221;#ebebeb&#8221; width=&#8221;3\/4&#8243; delay=&#8221;600&#8243;][vc_column_text][\/vc_column_text][\/vc_column][\/vc_row]","og_url":"https:\/\/www.excelab.mx\/?page_id=4982","og_site_name":"Excelab","article_publisher":"https:\/\/www.facebook.com\/excelab.mx","article_modified_time":"2022-06-23T22:03:18+00:00","twitter_card":"summary_large_image","twitter_misc":{"Tiempo de lectura":"1 minuto"},"schema":{"@context":"https:\/\/schema.org","@graph":[{"@type":"Organization","@id":"https:\/\/www.excelab.mx\/#organization","name":"Rub\u00e9n S\u00e1nchez Ram\u00edrez","url":"https:\/\/www.excelab.mx\/","sameAs":["https:\/\/www.facebook.com\/excelab.mx"],"logo":{"@type":"ImageObject","inLanguage":"es-MX","@id":"https:\/\/www.excelab.mx\/#\/schema\/logo\/image\/","url":"https:\/\/www.excelab.mx\/wp-content\/uploads\/2021\/12\/excelab_logoheader.png","contentUrl":"https:\/\/www.excelab.mx\/wp-content\/uploads\/2021\/12\/excelab_logoheader.png","width":65,"height":70,"caption":"Rub\u00e9n S\u00e1nchez Ram\u00edrez"},"image":{"@id":"https:\/\/www.excelab.mx\/#\/schema\/logo\/image\/"}},{"@type":"WebSite","@id":"https:\/\/www.excelab.mx\/#website","url":"https:\/\/www.excelab.mx\/","name":"Excelab","description":"\u00a0Distribuidores experimentados dedicados a la venta de Equipos y Reactivos biom\u00e9dicos y de de Diagn\u00f3stico Cl\u00ednico","publisher":{"@id":"https:\/\/www.excelab.mx\/#organization"},"potentialAction":[{"@type":"SearchAction","target":{"@type":"EntryPoint","urlTemplate":"https:\/\/www.excelab.mx\/?s={search_term_string}"},"query-input":"required name=search_term_string"}],"inLanguage":"es-MX"},{"@type":"WebPage","@id":"https:\/\/www.excelab.mx\/?page_id=4982#webpage","url":"https:\/\/www.excelab.mx\/?page_id=4982","name":"Contacto - Excelab","isPartOf":{"@id":"https:\/\/www.excelab.mx\/#website"},"datePublished":"2021-12-10T22:32:51+00:00","dateModified":"2022-06-23T22:03:18+00:00","breadcrumb":{"@id":"https:\/\/www.excelab.mx\/?page_id=4982#breadcrumb"},"inLanguage":"es-MX","potentialAction":[{"@type":"ReadAction","target":["https:\/\/www.excelab.mx\/?page_id=4982"]}]},{"@type":"BreadcrumbList","@id":"https:\/\/www.excelab.mx\/?page_id=4982#breadcrumb","itemListElement":[{"@type":"ListItem","position":1,"name":"Inicio","item":"https:\/\/www.excelab.mx\/"},{"@type":"ListItem","position":2,"name":"Contacto"}]}]}},"_links":{"self":[{"href":"https:\/\/www.excelab.mx\/index.php?rest_route=\/wp\/v2\/pages\/4982"}],"collection":[{"href":"https:\/\/www.excelab.mx\/index.php?rest_route=\/wp\/v2\/pages"}],"about":[{"href":"https:\/\/www.excelab.mx\/index.php?rest_route=\/wp\/v2\/types\/page"}],"author":[{"embeddable":true,"href":"https:\/\/www.excelab.mx\/index.php?rest_route=\/wp\/v2\/users\/1"}],"replies":[{"embeddable":true,"href":"https:\/\/www.excelab.mx\/index.php?rest_route=%2Fwp%2Fv2%2Fcomments&post=4982"}],"version-history":[{"count":34,"href":"https:\/\/www.excelab.mx\/index.php?rest_route=\/wp\/v2\/pages\/4982\/revisions"}],"predecessor-version":[{"id":16307,"href":"https:\/\/www.excelab.mx\/index.php?rest_route=\/wp\/v2\/pages\/4982\/revisions\/16307"}],"wp:attachment":[{"href":"https:\/\/www.excelab.mx\/index.php?rest_route=%2Fwp%2Fv2%2Fmedia&parent=4982"}],"curies":[{"name":"wp","href":"https:\/\/api.w.org\/{rel}","templated":true}]}}