{"id":5687,"date":"2022-03-10T08:49:41","date_gmt":"2022-03-10T14:49:41","guid":{"rendered":"http:\/\/localhost:8888\/themes\/ventory\/?page_id=5687"},"modified":"2022-03-24T15:22:55","modified_gmt":"2022-03-24T21:22:55","slug":"mision-vision","status":"publish","type":"page","link":"https:\/\/www.excelab.mx\/?page_id=5687","title":{"rendered":"Misi\u00f3n y Visi\u00f3n"},"content":{"rendered":"<p>[vc_row type=&#8221;full_width_section&#8221; bg_image=&#8221;15656&#8243; parallax_bg=&#8221;true&#8221; bg_color=&#8221;#f9f9f9&#8243; top_padding=&#8221;260&#8243; bottom_padding=&#8221;170&#8243;][vc_column animation=&#8221;fade-in&#8221; width=&#8221;1\/1&#8243; delay=&#8221;900&#8243;]<h1 class=\"headline font-special fontsize-xxxl fontweight-inherit lh-inherit align-center transform-uppercase \" style=\"margin: 0; color: #0198cd;\">Una empresa <strong>100% mexicana<\/strong><\/h1>[\/vc_column][\/vc_row][vc_row top_padding=&#8221;100&#8243; bottom_padding=&#8221;100&#8243; bg_position=&#8221;left top&#8221;][vc_column animation=&#8221;fade-in-from-left&#8221; width=&#8221;1\/2&#8243; delay=&#8221;600&#8243;]<h2 class=\"headline font-inherit fontsize-xl fontweight-700 lh-inherit align-center transform-inherit \" style=\"margin: 0 0 20px 0; color: #01539f;\">MISI\u00d3N<\/h2>[vc_column_text]<span style=\"font-size: 16px;\">Brindar a nuestros clientes <strong>un servicio de la ma\u0301s alta calidad<\/strong>, superando las expectativas al cubrir sus necesidades.<\/span>[\/vc_column_text][\/vc_column][vc_column animation=&#8221;fade-in-from-right&#8221; width=&#8221;1\/2&#8243; delay=&#8221;600&#8243;]<h2 class=\"headline font-inherit fontsize-xl fontweight-700 lh-inherit align-center transform-inherit \" style=\"margin: 0 0 20px 0; color: #01539f;\">VISI\u00d3N<\/h2>[vc_column_text]<span style=\"font-size: 16px;\">Ser <\/span><strong style=\"font-size: 16px;\">una empresa li\u0301der a nivel nacional<\/strong><span style=\"font-size: 16px;\"> en comercializacio\u0301n de reactivos, equipos, material para diagno\u0301stico cli\u0301nico y servicios de ingenieri\u0301a.<\/span><\/p>\n<p><span style=\"font-size: 16px;\">Ser empleadores, otorgar oportunidades de desarrollo y crecimiento.<\/span>[\/vc_column_text][\/vc_column][\/vc_row][vc_row bg_image=&#8221;15430&#8243; bg_repeat=&#8221;no-repeat&#8221; parallax_bg=&#8221;true&#8221; bg_color=&#8221;#1cbac8&#8243; text_color=&#8221;light&#8221; text_align=&#8221;center&#8221; top_padding=&#8221;60&#8243; bottom_padding=&#8221;60&#8243; bg_position=&#8221;left top&#8221;][vc_column animation=&#8221;fade-in-from-bottom&#8221; width=&#8221;1\/1&#8243; delay=&#8221;600&#8243;]<h2 class=\"headline font-special fontsize-xl fontweight-700 lh-16 align-center transform-uppercase \" style=\"margin: 0 0 40px 0;\">Valores<\/h2>[vc_column_text]<\/p>\n<h6>Excelencia<\/h6>\n<h6>Perseverancia<\/h6>\n<h6>Innovacio\u0301n<\/h6>\n<h6>Actitud de Servicio<\/h6>\n<h6>Trabajo en equipo<\/h6>\n<p>[\/vc_column_text][\/vc_column][\/vc_row][vc_row top_padding=&#8221;60&#8243; bottom_padding=&#8221;60&#8243; bg_position=&#8221;left top&#8221;][vc_column animation=&#8221;fade-in&#8221; width=&#8221;1\/1&#8243; delay=&#8221;600&#8243;]<h2 class=\"headline font-special fontsize-l fontweight-700 lh-inherit align-center transform-uppercase \" style=\"margin: 0; color: #01539f;\">Nuestra l\u00ednea comercial<\/h2><div class=\"headline font-inherit fontsize-m fontweight-inherit lh-inherit align-center transform-inherit \" style=\"margin: 0; color: #999999;\">Mantenimiento a equipo de <strong>laboratorio cl\u00ednico<\/strong>,<br \/>\nVenta de <strong>equipos, reactivos y consumibles<\/strong>.<\/div>[\/vc_column][\/vc_row]<\/p>\n","protected":false},"excerpt":{"rendered":"<p>[vc_row type=&#8221;full_width_section&#8221; bg_image=&#8221;15656&#8243; parallax_bg=&#8221;true&#8221; bg_color=&#8221;#f9f9f9&#8243; top_padding=&#8221;260&#8243; bottom_padding=&#8221;170&#8243;][vc_column animation=&#8221;fade-in&#8221; width=&#8221;1\/1&#8243; delay=&#8221;900&#8243;][\/vc_column][\/vc_row][vc_row top_padding=&#8221;100&#8243; bottom_padding=&#8221;100&#8243; bg_position=&#8221;left top&#8221;][vc_column animation=&#8221;fade-in-from-left&#8221; width=&#8221;1\/2&#8243; delay=&#8221;600&#8243;][vc_column_text]Brindar a nuestros clientes un servicio de la ma\u0301s alta calidad, superando las expectativas al cubrir sus necesidades.[\/vc_column_text][\/vc_column][vc_column animation=&#8221;fade-in-from-right&#8221; width=&#8221;1\/2&#8243; delay=&#8221;600&#8243;][vc_column_text]Ser una empresa li\u0301der a nivel nacional en comercializacio\u0301n de reactivos, equipos, material para diagno\u0301stico cli\u0301nico y servicios de ingenieri\u0301a. Ser empleadores, otorgar oportunidades de desarrollo y crecimiento.[\/vc_column_text][\/vc_column][\/vc_row][vc_row bg_image=&#8221;15430&#8243; bg_repeat=&#8221;no-repeat&#8221; parallax_bg=&#8221;true&#8221; bg_color=&#8221;#1cbac8&#8243; text_color=&#8221;light&#8221; text_align=&#8221;center&#8221; top_padding=&#8221;60&#8243; bottom_padding=&#8221;60&#8243; bg_position=&#8221;left top&#8221;][vc_column animation=&#8221;fade-in-from-bottom&#8221; width=&#8221;1\/1&#8243; delay=&#8221;600&#8243;][vc_column_text] Excelencia Perseverancia Innovacio\u0301n Actitud de Servicio Trabajo en equipo [\/vc_column_text][\/vc_column][\/vc_row][vc_row top_padding=&#8221;60&#8243; bottom_padding=&#8221;60&#8243; bg_position=&#8221;left top&#8221;][vc_column animation=&#8221;fade-in&#8221; width=&#8221;1\/1&#8243; delay=&#8221;600&#8243;][\/vc_column][\/vc_row]<\/p>\n","protected":false},"author":1,"featured_media":0,"parent":15990,"menu_order":0,"comment_status":"open","ping_status":"closed","template":"","meta":[],"yoast_head":"<!-- This site is optimized with the Yoast SEO plugin v19.1 - https:\/\/yoast.com\/wordpress\/plugins\/seo\/ -->\n<title>Misi\u00f3n y Visi\u00f3n - Excelab<\/title>\n<meta name=\"robots\" content=\"index, follow, max-snippet:-1, max-image-preview:large, max-video-preview:-1\" \/>\n<link rel=\"canonical\" href=\"https:\/\/www.excelab.mx\/?page_id=5687\" \/>\n<meta property=\"og:locale\" content=\"es_MX\" \/>\n<meta property=\"og:type\" content=\"article\" \/>\n<meta property=\"og:title\" content=\"Misi\u00f3n y Visi\u00f3n - Excelab\" \/>\n<meta property=\"og:description\" content=\"[vc_row type=&#8221;full_width_section&#8221; bg_image=&#8221;15656&#8243; parallax_bg=&#8221;true&#8221; bg_color=&#8221;#f9f9f9&#8243; top_padding=&#8221;260&#8243; bottom_padding=&#8221;170&#8243;][vc_column animation=&#8221;fade-in&#8221; width=&#8221;1\/1&#8243; delay=&#8221;900&#8243;][\/vc_column][\/vc_row][vc_row top_padding=&#8221;100&#8243; bottom_padding=&#8221;100&#8243; bg_position=&#8221;left top&#8221;][vc_column animation=&#8221;fade-in-from-left&#8221; width=&#8221;1\/2&#8243; delay=&#8221;600&#8243;][vc_column_text]Brindar a nuestros clientes un servicio de la ma\u0301s alta calidad, superando las expectativas al cubrir sus necesidades.[\/vc_column_text][\/vc_column][vc_column animation=&#8221;fade-in-from-right&#8221; width=&#8221;1\/2&#8243; delay=&#8221;600&#8243;][vc_column_text]Ser una empresa li\u0301der a nivel nacional en comercializacio\u0301n de reactivos, equipos, material para diagno\u0301stico cli\u0301nico y servicios de ingenieri\u0301a. Ser empleadores, otorgar oportunidades de desarrollo y crecimiento.[\/vc_column_text][\/vc_column][\/vc_row][vc_row bg_image=&#8221;15430&#8243; bg_repeat=&#8221;no-repeat&#8221; parallax_bg=&#8221;true&#8221; bg_color=&#8221;#1cbac8&#8243; text_color=&#8221;light&#8221; text_align=&#8221;center&#8221; top_padding=&#8221;60&#8243; bottom_padding=&#8221;60&#8243; bg_position=&#8221;left top&#8221;][vc_column animation=&#8221;fade-in-from-bottom&#8221; width=&#8221;1\/1&#8243; delay=&#8221;600&#8243;][vc_column_text] Excelencia Perseverancia Innovacio\u0301n Actitud de Servicio Trabajo en equipo [\/vc_column_text][\/vc_column][\/vc_row][vc_row top_padding=&#8221;60&#8243; bottom_padding=&#8221;60&#8243; bg_position=&#8221;left top&#8221;][vc_column animation=&#8221;fade-in&#8221; width=&#8221;1\/1&#8243; delay=&#8221;600&#8243;][\/vc_column][\/vc_row]\" \/>\n<meta property=\"og:url\" content=\"https:\/\/www.excelab.mx\/?page_id=5687\" \/>\n<meta property=\"og:site_name\" content=\"Excelab\" \/>\n<meta property=\"article:publisher\" content=\"https:\/\/www.facebook.com\/excelab.mx\" \/>\n<meta property=\"article:modified_time\" content=\"2022-03-24T21:22:55+00:00\" \/>\n<meta name=\"twitter:card\" content=\"summary_large_image\" \/>\n<meta name=\"twitter:label1\" content=\"Tiempo de lectura\" \/>\n\t<meta name=\"twitter:data1\" content=\"2 minutos\" \/>\n<script type=\"application\/ld+json\" class=\"yoast-schema-graph\">{\"@context\":\"https:\/\/schema.org\",\"@graph\":[{\"@type\":\"Organization\",\"@id\":\"https:\/\/www.excelab.mx\/#organization\",\"name\":\"Rub\u00e9n S\u00e1nchez Ram\u00edrez\",\"url\":\"https:\/\/www.excelab.mx\/\",\"sameAs\":[\"https:\/\/www.facebook.com\/excelab.mx\"],\"logo\":{\"@type\":\"ImageObject\",\"inLanguage\":\"es-MX\",\"@id\":\"https:\/\/www.excelab.mx\/#\/schema\/logo\/image\/\",\"url\":\"https:\/\/www.excelab.mx\/wp-content\/uploads\/2021\/12\/excelab_logoheader.png\",\"contentUrl\":\"https:\/\/www.excelab.mx\/wp-content\/uploads\/2021\/12\/excelab_logoheader.png\",\"width\":65,\"height\":70,\"caption\":\"Rub\u00e9n S\u00e1nchez Ram\u00edrez\"},\"image\":{\"@id\":\"https:\/\/www.excelab.mx\/#\/schema\/logo\/image\/\"}},{\"@type\":\"WebSite\",\"@id\":\"https:\/\/www.excelab.mx\/#website\",\"url\":\"https:\/\/www.excelab.mx\/\",\"name\":\"Excelab\",\"description\":\"\u00a0Distribuidores experimentados dedicados a la venta de Equipos y Reactivos biom\u00e9dicos y de de Diagn\u00f3stico Cl\u00ednico\",\"publisher\":{\"@id\":\"https:\/\/www.excelab.mx\/#organization\"},\"potentialAction\":[{\"@type\":\"SearchAction\",\"target\":{\"@type\":\"EntryPoint\",\"urlTemplate\":\"https:\/\/www.excelab.mx\/?s={search_term_string}\"},\"query-input\":\"required name=search_term_string\"}],\"inLanguage\":\"es-MX\"},{\"@type\":\"WebPage\",\"@id\":\"https:\/\/www.excelab.mx\/?page_id=5687#webpage\",\"url\":\"https:\/\/www.excelab.mx\/?page_id=5687\",\"name\":\"Misi\u00f3n y Visi\u00f3n - Excelab\",\"isPartOf\":{\"@id\":\"https:\/\/www.excelab.mx\/#website\"},\"datePublished\":\"2022-03-10T14:49:41+00:00\",\"dateModified\":\"2022-03-24T21:22:55+00:00\",\"breadcrumb\":{\"@id\":\"https:\/\/www.excelab.mx\/?page_id=5687#breadcrumb\"},\"inLanguage\":\"es-MX\",\"potentialAction\":[{\"@type\":\"ReadAction\",\"target\":[\"https:\/\/www.excelab.mx\/?page_id=5687\"]}]},{\"@type\":\"BreadcrumbList\",\"@id\":\"https:\/\/www.excelab.mx\/?page_id=5687#breadcrumb\",\"itemListElement\":[{\"@type\":\"ListItem\",\"position\":1,\"name\":\"Inicio\",\"item\":\"https:\/\/www.excelab.mx\/\"},{\"@type\":\"ListItem\",\"position\":2,\"name\":\"Nuestra Empresa\",\"item\":\"https:\/\/www.excelab.mx\/?page_id=15990\"},{\"@type\":\"ListItem\",\"position\":3,\"name\":\"Misi\u00f3n y Visi\u00f3n\"}]}]}<\/script>\n<!-- \/ Yoast SEO plugin. -->","yoast_head_json":{"title":"Misi\u00f3n y Visi\u00f3n - Excelab","robots":{"index":"index","follow":"follow","max-snippet":"max-snippet:-1","max-image-preview":"max-image-preview:large","max-video-preview":"max-video-preview:-1"},"canonical":"https:\/\/www.excelab.mx\/?page_id=5687","og_locale":"es_MX","og_type":"article","og_title":"Misi\u00f3n y Visi\u00f3n - Excelab","og_description":"[vc_row type=&#8221;full_width_section&#8221; bg_image=&#8221;15656&#8243; parallax_bg=&#8221;true&#8221; bg_color=&#8221;#f9f9f9&#8243; top_padding=&#8221;260&#8243; bottom_padding=&#8221;170&#8243;][vc_column animation=&#8221;fade-in&#8221; width=&#8221;1\/1&#8243; delay=&#8221;900&#8243;][\/vc_column][\/vc_row][vc_row top_padding=&#8221;100&#8243; bottom_padding=&#8221;100&#8243; bg_position=&#8221;left top&#8221;][vc_column animation=&#8221;fade-in-from-left&#8221; width=&#8221;1\/2&#8243; delay=&#8221;600&#8243;][vc_column_text]Brindar a nuestros clientes un servicio de la ma\u0301s alta calidad, superando las expectativas al cubrir sus necesidades.[\/vc_column_text][\/vc_column][vc_column animation=&#8221;fade-in-from-right&#8221; width=&#8221;1\/2&#8243; delay=&#8221;600&#8243;][vc_column_text]Ser una empresa li\u0301der a nivel nacional en comercializacio\u0301n de reactivos, equipos, material para diagno\u0301stico cli\u0301nico y servicios de ingenieri\u0301a. Ser empleadores, otorgar oportunidades de desarrollo y crecimiento.[\/vc_column_text][\/vc_column][\/vc_row][vc_row bg_image=&#8221;15430&#8243; bg_repeat=&#8221;no-repeat&#8221; parallax_bg=&#8221;true&#8221; bg_color=&#8221;#1cbac8&#8243; text_color=&#8221;light&#8221; text_align=&#8221;center&#8221; top_padding=&#8221;60&#8243; bottom_padding=&#8221;60&#8243; bg_position=&#8221;left top&#8221;][vc_column animation=&#8221;fade-in-from-bottom&#8221; width=&#8221;1\/1&#8243; delay=&#8221;600&#8243;][vc_column_text] Excelencia Perseverancia Innovacio\u0301n Actitud de Servicio Trabajo en equipo [\/vc_column_text][\/vc_column][\/vc_row][vc_row top_padding=&#8221;60&#8243; bottom_padding=&#8221;60&#8243; bg_position=&#8221;left top&#8221;][vc_column animation=&#8221;fade-in&#8221; width=&#8221;1\/1&#8243; delay=&#8221;600&#8243;][\/vc_column][\/vc_row]","og_url":"https:\/\/www.excelab.mx\/?page_id=5687","og_site_name":"Excelab","article_publisher":"https:\/\/www.facebook.com\/excelab.mx","article_modified_time":"2022-03-24T21:22:55+00:00","twitter_card":"summary_large_image","twitter_misc":{"Tiempo de lectura":"2 minutos"},"schema":{"@context":"https:\/\/schema.org","@graph":[{"@type":"Organization","@id":"https:\/\/www.excelab.mx\/#organization","name":"Rub\u00e9n S\u00e1nchez Ram\u00edrez","url":"https:\/\/www.excelab.mx\/","sameAs":["https:\/\/www.facebook.com\/excelab.mx"],"logo":{"@type":"ImageObject","inLanguage":"es-MX","@id":"https:\/\/www.excelab.mx\/#\/schema\/logo\/image\/","url":"https:\/\/www.excelab.mx\/wp-content\/uploads\/2021\/12\/excelab_logoheader.png","contentUrl":"https:\/\/www.excelab.mx\/wp-content\/uploads\/2021\/12\/excelab_logoheader.png","width":65,"height":70,"caption":"Rub\u00e9n S\u00e1nchez Ram\u00edrez"},"image":{"@id":"https:\/\/www.excelab.mx\/#\/schema\/logo\/image\/"}},{"@type":"WebSite","@id":"https:\/\/www.excelab.mx\/#website","url":"https:\/\/www.excelab.mx\/","name":"Excelab","description":"\u00a0Distribuidores experimentados dedicados a la venta de Equipos y Reactivos biom\u00e9dicos y de de Diagn\u00f3stico Cl\u00ednico","publisher":{"@id":"https:\/\/www.excelab.mx\/#organization"},"potentialAction":[{"@type":"SearchAction","target":{"@type":"EntryPoint","urlTemplate":"https:\/\/www.excelab.mx\/?s={search_term_string}"},"query-input":"required name=search_term_string"}],"inLanguage":"es-MX"},{"@type":"WebPage","@id":"https:\/\/www.excelab.mx\/?page_id=5687#webpage","url":"https:\/\/www.excelab.mx\/?page_id=5687","name":"Misi\u00f3n y Visi\u00f3n - Excelab","isPartOf":{"@id":"https:\/\/www.excelab.mx\/#website"},"datePublished":"2022-03-10T14:49:41+00:00","dateModified":"2022-03-24T21:22:55+00:00","breadcrumb":{"@id":"https:\/\/www.excelab.mx\/?page_id=5687#breadcrumb"},"inLanguage":"es-MX","potentialAction":[{"@type":"ReadAction","target":["https:\/\/www.excelab.mx\/?page_id=5687"]}]},{"@type":"BreadcrumbList","@id":"https:\/\/www.excelab.mx\/?page_id=5687#breadcrumb","itemListElement":[{"@type":"ListItem","position":1,"name":"Inicio","item":"https:\/\/www.excelab.mx\/"},{"@type":"ListItem","position":2,"name":"Nuestra Empresa","item":"https:\/\/www.excelab.mx\/?page_id=15990"},{"@type":"ListItem","position":3,"name":"Misi\u00f3n y Visi\u00f3n"}]}]}},"_links":{"self":[{"href":"https:\/\/www.excelab.mx\/index.php?rest_route=\/wp\/v2\/pages\/5687"}],"collection":[{"href":"https:\/\/www.excelab.mx\/index.php?rest_route=\/wp\/v2\/pages"}],"about":[{"href":"https:\/\/www.excelab.mx\/index.php?rest_route=\/wp\/v2\/types\/page"}],"author":[{"embeddable":true,"href":"https:\/\/www.excelab.mx\/index.php?rest_route=\/wp\/v2\/users\/1"}],"replies":[{"embeddable":true,"href":"https:\/\/www.excelab.mx\/index.php?rest_route=%2Fwp%2Fv2%2Fcomments&post=5687"}],"version-history":[{"count":39,"href":"https:\/\/www.excelab.mx\/index.php?rest_route=\/wp\/v2\/pages\/5687\/revisions"}],"predecessor-version":[{"id":15995,"href":"https:\/\/www.excelab.mx\/index.php?rest_route=\/wp\/v2\/pages\/5687\/revisions\/15995"}],"up":[{"embeddable":true,"href":"https:\/\/www.excelab.mx\/index.php?rest_route=\/wp\/v2\/pages\/15990"}],"wp:attachment":[{"href":"https:\/\/www.excelab.mx\/index.php?rest_route=%2Fwp%2Fv2%2Fmedia&parent=5687"}],"curies":[{"name":"wp","href":"https:\/\/api.w.org\/{rel}","templated":true}]}}