{"id":5752,"date":"2022-03-10T11:24:28","date_gmt":"2022-03-10T17:24:28","guid":{"rendered":"http:\/\/localhost:8888\/themes\/ventory\/?page_id=5752"},"modified":"2022-03-24T15:23:05","modified_gmt":"2022-03-24T21:23:05","slug":"historia","status":"publish","type":"page","link":"https:\/\/www.excelab.mx\/?page_id=5752","title":{"rendered":"Historia"},"content":{"rendered":"<p>[vc_row type=&#8221;full_width_section&#8221; bg_image=&#8221;15654&#8243; parallax_bg=&#8221;true&#8221; bg_color=&#8221;#f9f9f9&#8243; top_padding=&#8221;260&#8243; bottom_padding=&#8221;170&#8243; bg_position=&#8221;center center&#8221;][vc_column animation=&#8221;fade-in&#8221; width=&#8221;1\/1&#8243; delay=&#8221;900&#8243;]<h1 class=\"headline font-inherit fontsize-xxxl fontweight-500 lh-inherit align-center transform-uppercase \" style=\"margin: 0; color: #0198cd;\"><\/h1>[\/vc_column][\/vc_row][vc_row top_padding=&#8221;100&#8243; bottom_padding=&#8221;60&#8243;][vc_column animation=&#8221;fade-in-from-left&#8221; width=&#8221;1\/1&#8243; delay=&#8221;900&#8243;]<h2 class=\"headline font-special fontsize-xl fontweight-700 lh-inherit align-left transform-uppercase \" style=\"margin: 0 0 40px 0; color: #01539f;\">Un poco de historia<\/h2>[vc_row_inner][vc_column_inner width=&#8221;1\/2&#8243;][vc_column_text]<\/p>\n<div class=\"page\" title=\"Page 1\">\n<div class=\"section\">\n<div class=\"layoutArea\">\n<div class=\"column\">\n<h5 style=\"text-align: left;\">Excelab es una empresa 100% mexicana creada en an\u0303o 2008, justo cuando atravesa\u0301bamos la peor recesio\u0301n econo\u0301mica en este pai\u0301s.<\/h5>\n<h5 style=\"text-align: left;\">Comenzo\u0301 realizando Mantenimientos Preventivos y Correctivos a equipos de laboratorio cli\u0301nico e Industrial.<\/h5>\n<h5 style=\"text-align: left;\">Actualmente se especializa en proveer productos, equipamiento, mantenimientos y asesori\u0301a te\u0301cnica a hospitales tanto pu\u0301blicos como privados, asi\u0301 como a laboratorios de diferentes niveles de demanda.<\/h5>\n<h5 style=\"text-align: left;\">En Excelab, estamos comprometidos en brindar un servicio profesional, e\u0301tico, confiable y de comunicacio\u0301n confiable con nuestros clientes, proveedores y colaboradores.<\/h5>\n<\/div>\n<h5 style=\"text-align: left;\"><\/h5>\n<\/div>\n<\/div>\n<\/div>\n<p>[\/vc_column_text][\/vc_column_inner][vc_column_inner width=&#8221;1\/2&#8243;]<div class=\"single_image wpb_content_element align-left    \" data-animation=\"none\" data-delay=\"0\"><img width=\"602\" height=\"400\" src=\"https:\/\/www.excelab.mx\/wp-content\/uploads\/2022\/01\/excelab_historialateral.png\" class=\"attachment-full\" alt=\"\" loading=\"lazy\" srcset=\"https:\/\/www.excelab.mx\/wp-content\/uploads\/2022\/01\/excelab_historialateral.png 602w, https:\/\/www.excelab.mx\/wp-content\/uploads\/2022\/01\/excelab_historialateral-300x199.png 300w, https:\/\/www.excelab.mx\/wp-content\/uploads\/2022\/01\/excelab_historialateral-600x400.png 600w\" sizes=\"(max-width: 602px) 100vw, 602px\" \/><\/div>[\/vc_column_inner][\/vc_row_inner]<div class=\"spacer\" style=\"height: 40px;\"><\/div>[\/vc_column][\/vc_row][vc_row][vc_column animation=&#8221;fade-in-from-right&#8221; width=&#8221;1\/1&#8243; delay=&#8221;900&#8243;]<h2 class=\"headline font-special fontsize-xl fontweight-700 lh-inherit align-left transform-uppercase \" style=\"margin: 0 0 20px 0; color: #01539f;\">Nuestra trayectoria<\/h2><div class=\"single_image wpb_content_element align-center    \" data-animation=\"none\" data-delay=\"0\"><img width=\"1141\" height=\"397\" src=\"https:\/\/www.excelab.mx\/wp-content\/uploads\/2022\/03\/excelab-lineatiempo.jpg\" class=\"attachment-full\" alt=\"Excelab - Historia\" loading=\"lazy\" srcset=\"https:\/\/www.excelab.mx\/wp-content\/uploads\/2022\/03\/excelab-lineatiempo.jpg 1141w, https:\/\/www.excelab.mx\/wp-content\/uploads\/2022\/03\/excelab-lineatiempo-300x104.jpg 300w, https:\/\/www.excelab.mx\/wp-content\/uploads\/2022\/03\/excelab-lineatiempo-1024x356.jpg 1024w, https:\/\/www.excelab.mx\/wp-content\/uploads\/2022\/03\/excelab-lineatiempo-768x267.jpg 768w\" sizes=\"(max-width: 1141px) 100vw, 1141px\" \/><\/div>[\/vc_column][\/vc_row]<\/p>\n","protected":false},"excerpt":{"rendered":"<p>[vc_row type=&#8221;full_width_section&#8221; bg_image=&#8221;15654&#8243; parallax_bg=&#8221;true&#8221; bg_color=&#8221;#f9f9f9&#8243; top_padding=&#8221;260&#8243; bottom_padding=&#8221;170&#8243; bg_position=&#8221;center center&#8221;][vc_column animation=&#8221;fade-in&#8221; width=&#8221;1\/1&#8243; delay=&#8221;900&#8243;][\/vc_column][\/vc_row][vc_row top_padding=&#8221;100&#8243; bottom_padding=&#8221;60&#8243;][vc_column animation=&#8221;fade-in-from-left&#8221; width=&#8221;1\/1&#8243; delay=&#8221;900&#8243;][vc_row_inner][vc_column_inner width=&#8221;1\/2&#8243;][vc_column_text] Excelab es una empresa 100% mexicana creada en an\u0303o 2008, justo cuando atravesa\u0301bamos la peor recesio\u0301n econo\u0301mica en este pai\u0301s. Comenzo\u0301 realizando Mantenimientos Preventivos y Correctivos a equipos de laboratorio cli\u0301nico e Industrial. Actualmente se especializa en proveer productos, equipamiento, mantenimientos y asesori\u0301a te\u0301cnica a hospitales tanto pu\u0301blicos como privados, asi\u0301 como a laboratorios de diferentes niveles de demanda. En Excelab, estamos comprometidos en brindar un servicio profesional, e\u0301tico, confiable y de comunicacio\u0301n confiable con nuestros clientes, proveedores y colaboradores. [\/vc_column_text][\/vc_column_inner][vc_column_inner width=&#8221;1\/2&#8243;][\/vc_column_inner][\/vc_row_inner][\/vc_column][\/vc_row][vc_row][vc_column animation=&#8221;fade-in-from-right&#8221; width=&#8221;1\/1&#8243; delay=&#8221;900&#8243;][\/vc_column][\/vc_row]<\/p>\n","protected":false},"author":1,"featured_media":0,"parent":15990,"menu_order":0,"comment_status":"open","ping_status":"closed","template":"","meta":[],"yoast_head":"<!-- This site is optimized with the Yoast SEO plugin v19.1 - https:\/\/yoast.com\/wordpress\/plugins\/seo\/ -->\n<title>Historia - Excelab<\/title>\n<meta name=\"robots\" content=\"index, follow, max-snippet:-1, max-image-preview:large, max-video-preview:-1\" \/>\n<link rel=\"canonical\" href=\"https:\/\/www.excelab.mx\/?page_id=5752\" \/>\n<meta property=\"og:locale\" content=\"es_MX\" \/>\n<meta property=\"og:type\" content=\"article\" \/>\n<meta property=\"og:title\" content=\"Historia - Excelab\" \/>\n<meta property=\"og:description\" content=\"[vc_row type=&#8221;full_width_section&#8221; bg_image=&#8221;15654&#8243; parallax_bg=&#8221;true&#8221; bg_color=&#8221;#f9f9f9&#8243; top_padding=&#8221;260&#8243; bottom_padding=&#8221;170&#8243; bg_position=&#8221;center center&#8221;][vc_column animation=&#8221;fade-in&#8221; width=&#8221;1\/1&#8243; delay=&#8221;900&#8243;][\/vc_column][\/vc_row][vc_row top_padding=&#8221;100&#8243; bottom_padding=&#8221;60&#8243;][vc_column animation=&#8221;fade-in-from-left&#8221; width=&#8221;1\/1&#8243; delay=&#8221;900&#8243;][vc_row_inner][vc_column_inner width=&#8221;1\/2&#8243;][vc_column_text] Excelab es una empresa 100% mexicana creada en an\u0303o 2008, justo cuando atravesa\u0301bamos la peor recesio\u0301n econo\u0301mica en este pai\u0301s. Comenzo\u0301 realizando Mantenimientos Preventivos y Correctivos a equipos de laboratorio cli\u0301nico e Industrial. Actualmente se especializa en proveer productos, equipamiento, mantenimientos y asesori\u0301a te\u0301cnica a hospitales tanto pu\u0301blicos como privados, asi\u0301 como a laboratorios de diferentes niveles de demanda. En Excelab, estamos comprometidos en brindar un servicio profesional, e\u0301tico, confiable y de comunicacio\u0301n confiable con nuestros clientes, proveedores y colaboradores. [\/vc_column_text][\/vc_column_inner][vc_column_inner width=&#8221;1\/2&#8243;][\/vc_column_inner][\/vc_row_inner][\/vc_column][\/vc_row][vc_row][vc_column animation=&#8221;fade-in-from-right&#8221; width=&#8221;1\/1&#8243; delay=&#8221;900&#8243;][\/vc_column][\/vc_row]\" \/>\n<meta property=\"og:url\" content=\"https:\/\/www.excelab.mx\/?page_id=5752\" \/>\n<meta property=\"og:site_name\" content=\"Excelab\" \/>\n<meta property=\"article:publisher\" content=\"https:\/\/www.facebook.com\/excelab.mx\" \/>\n<meta property=\"article:modified_time\" content=\"2022-03-24T21:23:05+00:00\" \/>\n<meta name=\"twitter:card\" content=\"summary_large_image\" \/>\n<meta name=\"twitter:label1\" content=\"Tiempo de lectura\" \/>\n\t<meta name=\"twitter:data1\" content=\"1 minuto\" \/>\n<script type=\"application\/ld+json\" class=\"yoast-schema-graph\">{\"@context\":\"https:\/\/schema.org\",\"@graph\":[{\"@type\":\"Organization\",\"@id\":\"https:\/\/www.excelab.mx\/#organization\",\"name\":\"Rub\u00e9n S\u00e1nchez Ram\u00edrez\",\"url\":\"https:\/\/www.excelab.mx\/\",\"sameAs\":[\"https:\/\/www.facebook.com\/excelab.mx\"],\"logo\":{\"@type\":\"ImageObject\",\"inLanguage\":\"es-MX\",\"@id\":\"https:\/\/www.excelab.mx\/#\/schema\/logo\/image\/\",\"url\":\"https:\/\/www.excelab.mx\/wp-content\/uploads\/2021\/12\/excelab_logoheader.png\",\"contentUrl\":\"https:\/\/www.excelab.mx\/wp-content\/uploads\/2021\/12\/excelab_logoheader.png\",\"width\":65,\"height\":70,\"caption\":\"Rub\u00e9n S\u00e1nchez Ram\u00edrez\"},\"image\":{\"@id\":\"https:\/\/www.excelab.mx\/#\/schema\/logo\/image\/\"}},{\"@type\":\"WebSite\",\"@id\":\"https:\/\/www.excelab.mx\/#website\",\"url\":\"https:\/\/www.excelab.mx\/\",\"name\":\"Excelab\",\"description\":\"\u00a0Distribuidores experimentados dedicados a la venta de Equipos y Reactivos biom\u00e9dicos y de de Diagn\u00f3stico Cl\u00ednico\",\"publisher\":{\"@id\":\"https:\/\/www.excelab.mx\/#organization\"},\"potentialAction\":[{\"@type\":\"SearchAction\",\"target\":{\"@type\":\"EntryPoint\",\"urlTemplate\":\"https:\/\/www.excelab.mx\/?s={search_term_string}\"},\"query-input\":\"required name=search_term_string\"}],\"inLanguage\":\"es-MX\"},{\"@type\":\"WebPage\",\"@id\":\"https:\/\/www.excelab.mx\/?page_id=5752#webpage\",\"url\":\"https:\/\/www.excelab.mx\/?page_id=5752\",\"name\":\"Historia - Excelab\",\"isPartOf\":{\"@id\":\"https:\/\/www.excelab.mx\/#website\"},\"datePublished\":\"2022-03-10T17:24:28+00:00\",\"dateModified\":\"2022-03-24T21:23:05+00:00\",\"breadcrumb\":{\"@id\":\"https:\/\/www.excelab.mx\/?page_id=5752#breadcrumb\"},\"inLanguage\":\"es-MX\",\"potentialAction\":[{\"@type\":\"ReadAction\",\"target\":[\"https:\/\/www.excelab.mx\/?page_id=5752\"]}]},{\"@type\":\"BreadcrumbList\",\"@id\":\"https:\/\/www.excelab.mx\/?page_id=5752#breadcrumb\",\"itemListElement\":[{\"@type\":\"ListItem\",\"position\":1,\"name\":\"Inicio\",\"item\":\"https:\/\/www.excelab.mx\/\"},{\"@type\":\"ListItem\",\"position\":2,\"name\":\"Nuestra Empresa\",\"item\":\"https:\/\/www.excelab.mx\/?page_id=15990\"},{\"@type\":\"ListItem\",\"position\":3,\"name\":\"Historia\"}]}]}<\/script>\n<!-- \/ Yoast SEO plugin. -->","yoast_head_json":{"title":"Historia - Excelab","robots":{"index":"index","follow":"follow","max-snippet":"max-snippet:-1","max-image-preview":"max-image-preview:large","max-video-preview":"max-video-preview:-1"},"canonical":"https:\/\/www.excelab.mx\/?page_id=5752","og_locale":"es_MX","og_type":"article","og_title":"Historia - Excelab","og_description":"[vc_row type=&#8221;full_width_section&#8221; bg_image=&#8221;15654&#8243; parallax_bg=&#8221;true&#8221; bg_color=&#8221;#f9f9f9&#8243; top_padding=&#8221;260&#8243; bottom_padding=&#8221;170&#8243; bg_position=&#8221;center center&#8221;][vc_column animation=&#8221;fade-in&#8221; width=&#8221;1\/1&#8243; delay=&#8221;900&#8243;][\/vc_column][\/vc_row][vc_row top_padding=&#8221;100&#8243; bottom_padding=&#8221;60&#8243;][vc_column animation=&#8221;fade-in-from-left&#8221; width=&#8221;1\/1&#8243; delay=&#8221;900&#8243;][vc_row_inner][vc_column_inner width=&#8221;1\/2&#8243;][vc_column_text] Excelab es una empresa 100% mexicana creada en an\u0303o 2008, justo cuando atravesa\u0301bamos la peor recesio\u0301n econo\u0301mica en este pai\u0301s. Comenzo\u0301 realizando Mantenimientos Preventivos y Correctivos a equipos de laboratorio cli\u0301nico e Industrial. Actualmente se especializa en proveer productos, equipamiento, mantenimientos y asesori\u0301a te\u0301cnica a hospitales tanto pu\u0301blicos como privados, asi\u0301 como a laboratorios de diferentes niveles de demanda. En Excelab, estamos comprometidos en brindar un servicio profesional, e\u0301tico, confiable y de comunicacio\u0301n confiable con nuestros clientes, proveedores y colaboradores. [\/vc_column_text][\/vc_column_inner][vc_column_inner width=&#8221;1\/2&#8243;][\/vc_column_inner][\/vc_row_inner][\/vc_column][\/vc_row][vc_row][vc_column animation=&#8221;fade-in-from-right&#8221; width=&#8221;1\/1&#8243; delay=&#8221;900&#8243;][\/vc_column][\/vc_row]","og_url":"https:\/\/www.excelab.mx\/?page_id=5752","og_site_name":"Excelab","article_publisher":"https:\/\/www.facebook.com\/excelab.mx","article_modified_time":"2022-03-24T21:23:05+00:00","twitter_card":"summary_large_image","twitter_misc":{"Tiempo de lectura":"1 minuto"},"schema":{"@context":"https:\/\/schema.org","@graph":[{"@type":"Organization","@id":"https:\/\/www.excelab.mx\/#organization","name":"Rub\u00e9n S\u00e1nchez Ram\u00edrez","url":"https:\/\/www.excelab.mx\/","sameAs":["https:\/\/www.facebook.com\/excelab.mx"],"logo":{"@type":"ImageObject","inLanguage":"es-MX","@id":"https:\/\/www.excelab.mx\/#\/schema\/logo\/image\/","url":"https:\/\/www.excelab.mx\/wp-content\/uploads\/2021\/12\/excelab_logoheader.png","contentUrl":"https:\/\/www.excelab.mx\/wp-content\/uploads\/2021\/12\/excelab_logoheader.png","width":65,"height":70,"caption":"Rub\u00e9n S\u00e1nchez Ram\u00edrez"},"image":{"@id":"https:\/\/www.excelab.mx\/#\/schema\/logo\/image\/"}},{"@type":"WebSite","@id":"https:\/\/www.excelab.mx\/#website","url":"https:\/\/www.excelab.mx\/","name":"Excelab","description":"\u00a0Distribuidores experimentados dedicados a la venta de Equipos y Reactivos biom\u00e9dicos y de de Diagn\u00f3stico Cl\u00ednico","publisher":{"@id":"https:\/\/www.excelab.mx\/#organization"},"potentialAction":[{"@type":"SearchAction","target":{"@type":"EntryPoint","urlTemplate":"https:\/\/www.excelab.mx\/?s={search_term_string}"},"query-input":"required name=search_term_string"}],"inLanguage":"es-MX"},{"@type":"WebPage","@id":"https:\/\/www.excelab.mx\/?page_id=5752#webpage","url":"https:\/\/www.excelab.mx\/?page_id=5752","name":"Historia - Excelab","isPartOf":{"@id":"https:\/\/www.excelab.mx\/#website"},"datePublished":"2022-03-10T17:24:28+00:00","dateModified":"2022-03-24T21:23:05+00:00","breadcrumb":{"@id":"https:\/\/www.excelab.mx\/?page_id=5752#breadcrumb"},"inLanguage":"es-MX","potentialAction":[{"@type":"ReadAction","target":["https:\/\/www.excelab.mx\/?page_id=5752"]}]},{"@type":"BreadcrumbList","@id":"https:\/\/www.excelab.mx\/?page_id=5752#breadcrumb","itemListElement":[{"@type":"ListItem","position":1,"name":"Inicio","item":"https:\/\/www.excelab.mx\/"},{"@type":"ListItem","position":2,"name":"Nuestra Empresa","item":"https:\/\/www.excelab.mx\/?page_id=15990"},{"@type":"ListItem","position":3,"name":"Historia"}]}]}},"_links":{"self":[{"href":"https:\/\/www.excelab.mx\/index.php?rest_route=\/wp\/v2\/pages\/5752"}],"collection":[{"href":"https:\/\/www.excelab.mx\/index.php?rest_route=\/wp\/v2\/pages"}],"about":[{"href":"https:\/\/www.excelab.mx\/index.php?rest_route=\/wp\/v2\/types\/page"}],"author":[{"embeddable":true,"href":"https:\/\/www.excelab.mx\/index.php?rest_route=\/wp\/v2\/users\/1"}],"replies":[{"embeddable":true,"href":"https:\/\/www.excelab.mx\/index.php?rest_route=%2Fwp%2Fv2%2Fcomments&post=5752"}],"version-history":[{"count":55,"href":"https:\/\/www.excelab.mx\/index.php?rest_route=\/wp\/v2\/pages\/5752\/revisions"}],"predecessor-version":[{"id":15993,"href":"https:\/\/www.excelab.mx\/index.php?rest_route=\/wp\/v2\/pages\/5752\/revisions\/15993"}],"up":[{"embeddable":true,"href":"https:\/\/www.excelab.mx\/index.php?rest_route=\/wp\/v2\/pages\/15990"}],"wp:attachment":[{"href":"https:\/\/www.excelab.mx\/index.php?rest_route=%2Fwp%2Fv2%2Fmedia&parent=5752"}],"curies":[{"name":"wp","href":"https:\/\/api.w.org\/{rel}","templated":true}]}}