{"id":9380,"date":"2022-03-10T09:36:56","date_gmt":"2022-03-10T15:36:56","guid":{"rendered":"http:\/\/localhost:8888\/themes\/ventory\/?page_id=9380"},"modified":"2022-03-24T15:22:44","modified_gmt":"2022-03-24T21:22:44","slug":"nosotros","status":"publish","type":"page","link":"https:\/\/www.excelab.mx\/?page_id=9380","title":{"rendered":"Nosotros"},"content":{"rendered":"<p>[vc_row type=&#8221;full_width_section&#8221; bg_image=&#8221;15655&#8243; parallax_bg=&#8221;true&#8221; top_padding=&#8221;260&#8243; bottom_padding=&#8221;170&#8243;][vc_column animation=&#8221;fade-in&#8221; width=&#8221;1\/1&#8243; delay=&#8221;900&#8243;]<h1 class=\"headline font-special fontsize-xxxl fontweight-inherit lh-inherit align-center transform-uppercase \" style=\"margin: 0 0 20px 0; color: #0198cd;\">Ma\u0301s de <b>13 an\u0303os<\/b> de experiencia<\/h1>[\/vc_column][\/vc_row][vc_row top_padding=&#8221;90&#8243; bottom_padding=&#8221;90&#8243; bg_position=&#8221;left top&#8221;][vc_column animation=&#8221;fade-in&#8221; width=&#8221;1\/3&#8243; delay=&#8221;300&#8243;]<h2 class=\"headline font-inherit fontsize-xl fontweight-700 lh-inherit align-center transform-inherit \" style=\"margin: 0 0 20px 0; color: #01539f;\">DEDICACI\u00d3N<\/h2>[vc_column_text]<\/p>\n<div class=\"page\" title=\"Page 1\">\n<div class=\"section\">\n<div class=\"layoutArea\">\n<div class=\"column\">\n<h5>Somos una empresa dedicada a brindar atencio\u0301n personalizada a nuestros clientes, ofreciendo la comercializacio\u0301n de reactivos, equipos, material para diagno\u0301stico cli\u0301nico y servicios de ingenieri\u0301a.<\/h5>\n<\/div>\n<\/div>\n<\/div>\n<\/div>\n<p>[\/vc_column_text][\/vc_column][vc_column animation=&#8221;fade-in&#8221; width=&#8221;1\/3&#8243; delay=&#8221;600&#8243;]<h2 class=\"headline font-inherit fontsize-xl fontweight-700 lh-inherit align-center transform-inherit \" style=\"margin: 0 0 20px 0; color: #01539f;\">EXCLUSIVIDAD<\/h2>[vc_column_text]<\/p>\n<div class=\"page\" title=\"Page 1\">\n<div class=\"section\">\n<div class=\"layoutArea\">\n<div class=\"column\">\n<h5>Somos representantes autorizados en la Repu\u0301blica Mexicana de la marca de reactivo Inter Bio Lab (IBL) para hematologi\u0301a, la cual se distingue por su alta calidad y costo accesible.<\/h5>\n<\/div>\n<\/div>\n<\/div>\n<\/div>\n<p>[\/vc_column_text][\/vc_column][vc_column animation=&#8221;fade-in&#8221; width=&#8221;1\/3&#8243; delay=&#8221;900&#8243;]<h2 class=\"headline font-inherit fontsize-xl fontweight-700 lh-inherit align-center transform-inherit \" style=\"margin: 0 0 20px 0; color: #01539f;\">EXPERIENCIA<\/h2>[vc_column_text]<\/p>\n<div class=\"page\" title=\"Page 1\">\n<div class=\"section\">\n<div class=\"layoutArea\">\n<div class=\"column\">\n<h5>Nos respaldan ma\u0301s de 13 an\u0303os de experiencia en el mercado. Operando con altos est\u00e1ndares de calidad.<\/h5>\n<\/div>\n<\/div>\n<\/div>\n<\/div>\n<p>[\/vc_column_text][\/vc_column][\/vc_row]<\/p>\n","protected":false},"excerpt":{"rendered":"<p>[vc_row type=&#8221;full_width_section&#8221; bg_image=&#8221;15655&#8243; parallax_bg=&#8221;true&#8221; top_padding=&#8221;260&#8243; bottom_padding=&#8221;170&#8243;][vc_column animation=&#8221;fade-in&#8221; width=&#8221;1\/1&#8243; delay=&#8221;900&#8243;][\/vc_column][\/vc_row][vc_row top_padding=&#8221;90&#8243; bottom_padding=&#8221;90&#8243; bg_position=&#8221;left top&#8221;][vc_column animation=&#8221;fade-in&#8221; width=&#8221;1\/3&#8243; delay=&#8221;300&#8243;][vc_column_text] Somos una empresa dedicada a brindar atencio\u0301n personalizada a nuestros clientes, ofreciendo la comercializacio\u0301n de reactivos, equipos, material para diagno\u0301stico cli\u0301nico y servicios de ingenieri\u0301a. [\/vc_column_text][\/vc_column][vc_column animation=&#8221;fade-in&#8221; width=&#8221;1\/3&#8243; delay=&#8221;600&#8243;][vc_column_text] Somos representantes autorizados en la Repu\u0301blica Mexicana de la marca de reactivo Inter Bio Lab (IBL) para hematologi\u0301a, la cual se distingue por su alta calidad y costo accesible. [\/vc_column_text][\/vc_column][vc_column animation=&#8221;fade-in&#8221; width=&#8221;1\/3&#8243; delay=&#8221;900&#8243;][vc_column_text] Nos respaldan ma\u0301s de 13 an\u0303os de experiencia en el mercado. Operando con altos est\u00e1ndares de calidad. [\/vc_column_text][\/vc_column][\/vc_row]<\/p>\n","protected":false},"author":1,"featured_media":0,"parent":15990,"menu_order":0,"comment_status":"open","ping_status":"closed","template":"","meta":[],"yoast_head":"<!-- This site is optimized with the Yoast SEO plugin v19.1 - https:\/\/yoast.com\/wordpress\/plugins\/seo\/ -->\n<title>Nosotros - Excelab<\/title>\n<meta name=\"robots\" content=\"index, follow, max-snippet:-1, max-image-preview:large, max-video-preview:-1\" \/>\n<link rel=\"canonical\" href=\"https:\/\/www.excelab.mx\/?page_id=9380\" \/>\n<meta property=\"og:locale\" content=\"es_MX\" \/>\n<meta property=\"og:type\" content=\"article\" \/>\n<meta property=\"og:title\" content=\"Nosotros - Excelab\" \/>\n<meta property=\"og:description\" content=\"[vc_row type=&#8221;full_width_section&#8221; bg_image=&#8221;15655&#8243; parallax_bg=&#8221;true&#8221; top_padding=&#8221;260&#8243; bottom_padding=&#8221;170&#8243;][vc_column animation=&#8221;fade-in&#8221; width=&#8221;1\/1&#8243; delay=&#8221;900&#8243;][\/vc_column][\/vc_row][vc_row top_padding=&#8221;90&#8243; bottom_padding=&#8221;90&#8243; bg_position=&#8221;left top&#8221;][vc_column animation=&#8221;fade-in&#8221; width=&#8221;1\/3&#8243; delay=&#8221;300&#8243;][vc_column_text] Somos una empresa dedicada a brindar atencio\u0301n personalizada a nuestros clientes, ofreciendo la comercializacio\u0301n de reactivos, equipos, material para diagno\u0301stico cli\u0301nico y servicios de ingenieri\u0301a. [\/vc_column_text][\/vc_column][vc_column animation=&#8221;fade-in&#8221; width=&#8221;1\/3&#8243; delay=&#8221;600&#8243;][vc_column_text] Somos representantes autorizados en la Repu\u0301blica Mexicana de la marca de reactivo Inter Bio Lab (IBL) para hematologi\u0301a, la cual se distingue por su alta calidad y costo accesible. [\/vc_column_text][\/vc_column][vc_column animation=&#8221;fade-in&#8221; width=&#8221;1\/3&#8243; delay=&#8221;900&#8243;][vc_column_text] Nos respaldan ma\u0301s de 13 an\u0303os de experiencia en el mercado. Operando con altos est\u00e1ndares de calidad. [\/vc_column_text][\/vc_column][\/vc_row]\" \/>\n<meta property=\"og:url\" content=\"https:\/\/www.excelab.mx\/?page_id=9380\" \/>\n<meta property=\"og:site_name\" content=\"Excelab\" \/>\n<meta property=\"article:publisher\" content=\"https:\/\/www.facebook.com\/excelab.mx\" \/>\n<meta property=\"article:modified_time\" content=\"2022-03-24T21:22:44+00:00\" \/>\n<meta name=\"twitter:card\" content=\"summary_large_image\" \/>\n<meta name=\"twitter:label1\" content=\"Tiempo de lectura\" \/>\n\t<meta name=\"twitter:data1\" content=\"1 minuto\" \/>\n<script type=\"application\/ld+json\" class=\"yoast-schema-graph\">{\"@context\":\"https:\/\/schema.org\",\"@graph\":[{\"@type\":\"Organization\",\"@id\":\"https:\/\/www.excelab.mx\/#organization\",\"name\":\"Rub\u00e9n S\u00e1nchez Ram\u00edrez\",\"url\":\"https:\/\/www.excelab.mx\/\",\"sameAs\":[\"https:\/\/www.facebook.com\/excelab.mx\"],\"logo\":{\"@type\":\"ImageObject\",\"inLanguage\":\"es-MX\",\"@id\":\"https:\/\/www.excelab.mx\/#\/schema\/logo\/image\/\",\"url\":\"https:\/\/www.excelab.mx\/wp-content\/uploads\/2021\/12\/excelab_logoheader.png\",\"contentUrl\":\"https:\/\/www.excelab.mx\/wp-content\/uploads\/2021\/12\/excelab_logoheader.png\",\"width\":65,\"height\":70,\"caption\":\"Rub\u00e9n S\u00e1nchez Ram\u00edrez\"},\"image\":{\"@id\":\"https:\/\/www.excelab.mx\/#\/schema\/logo\/image\/\"}},{\"@type\":\"WebSite\",\"@id\":\"https:\/\/www.excelab.mx\/#website\",\"url\":\"https:\/\/www.excelab.mx\/\",\"name\":\"Excelab\",\"description\":\"\u00a0Distribuidores experimentados dedicados a la venta de Equipos y Reactivos biom\u00e9dicos y de de Diagn\u00f3stico Cl\u00ednico\",\"publisher\":{\"@id\":\"https:\/\/www.excelab.mx\/#organization\"},\"potentialAction\":[{\"@type\":\"SearchAction\",\"target\":{\"@type\":\"EntryPoint\",\"urlTemplate\":\"https:\/\/www.excelab.mx\/?s={search_term_string}\"},\"query-input\":\"required name=search_term_string\"}],\"inLanguage\":\"es-MX\"},{\"@type\":\"WebPage\",\"@id\":\"https:\/\/www.excelab.mx\/?page_id=9380#webpage\",\"url\":\"https:\/\/www.excelab.mx\/?page_id=9380\",\"name\":\"Nosotros - Excelab\",\"isPartOf\":{\"@id\":\"https:\/\/www.excelab.mx\/#website\"},\"datePublished\":\"2022-03-10T15:36:56+00:00\",\"dateModified\":\"2022-03-24T21:22:44+00:00\",\"breadcrumb\":{\"@id\":\"https:\/\/www.excelab.mx\/?page_id=9380#breadcrumb\"},\"inLanguage\":\"es-MX\",\"potentialAction\":[{\"@type\":\"ReadAction\",\"target\":[\"https:\/\/www.excelab.mx\/?page_id=9380\"]}]},{\"@type\":\"BreadcrumbList\",\"@id\":\"https:\/\/www.excelab.mx\/?page_id=9380#breadcrumb\",\"itemListElement\":[{\"@type\":\"ListItem\",\"position\":1,\"name\":\"Inicio\",\"item\":\"https:\/\/www.excelab.mx\/\"},{\"@type\":\"ListItem\",\"position\":2,\"name\":\"Nuestra Empresa\",\"item\":\"https:\/\/www.excelab.mx\/?page_id=15990\"},{\"@type\":\"ListItem\",\"position\":3,\"name\":\"Nosotros\"}]}]}<\/script>\n<!-- \/ Yoast SEO plugin. -->","yoast_head_json":{"title":"Nosotros - Excelab","robots":{"index":"index","follow":"follow","max-snippet":"max-snippet:-1","max-image-preview":"max-image-preview:large","max-video-preview":"max-video-preview:-1"},"canonical":"https:\/\/www.excelab.mx\/?page_id=9380","og_locale":"es_MX","og_type":"article","og_title":"Nosotros - Excelab","og_description":"[vc_row type=&#8221;full_width_section&#8221; bg_image=&#8221;15655&#8243; parallax_bg=&#8221;true&#8221; top_padding=&#8221;260&#8243; bottom_padding=&#8221;170&#8243;][vc_column animation=&#8221;fade-in&#8221; width=&#8221;1\/1&#8243; delay=&#8221;900&#8243;][\/vc_column][\/vc_row][vc_row top_padding=&#8221;90&#8243; bottom_padding=&#8221;90&#8243; bg_position=&#8221;left top&#8221;][vc_column animation=&#8221;fade-in&#8221; width=&#8221;1\/3&#8243; delay=&#8221;300&#8243;][vc_column_text] Somos una empresa dedicada a brindar atencio\u0301n personalizada a nuestros clientes, ofreciendo la comercializacio\u0301n de reactivos, equipos, material para diagno\u0301stico cli\u0301nico y servicios de ingenieri\u0301a. [\/vc_column_text][\/vc_column][vc_column animation=&#8221;fade-in&#8221; width=&#8221;1\/3&#8243; delay=&#8221;600&#8243;][vc_column_text] Somos representantes autorizados en la Repu\u0301blica Mexicana de la marca de reactivo Inter Bio Lab (IBL) para hematologi\u0301a, la cual se distingue por su alta calidad y costo accesible. [\/vc_column_text][\/vc_column][vc_column animation=&#8221;fade-in&#8221; width=&#8221;1\/3&#8243; delay=&#8221;900&#8243;][vc_column_text] Nos respaldan ma\u0301s de 13 an\u0303os de experiencia en el mercado. Operando con altos est\u00e1ndares de calidad. [\/vc_column_text][\/vc_column][\/vc_row]","og_url":"https:\/\/www.excelab.mx\/?page_id=9380","og_site_name":"Excelab","article_publisher":"https:\/\/www.facebook.com\/excelab.mx","article_modified_time":"2022-03-24T21:22:44+00:00","twitter_card":"summary_large_image","twitter_misc":{"Tiempo de lectura":"1 minuto"},"schema":{"@context":"https:\/\/schema.org","@graph":[{"@type":"Organization","@id":"https:\/\/www.excelab.mx\/#organization","name":"Rub\u00e9n S\u00e1nchez Ram\u00edrez","url":"https:\/\/www.excelab.mx\/","sameAs":["https:\/\/www.facebook.com\/excelab.mx"],"logo":{"@type":"ImageObject","inLanguage":"es-MX","@id":"https:\/\/www.excelab.mx\/#\/schema\/logo\/image\/","url":"https:\/\/www.excelab.mx\/wp-content\/uploads\/2021\/12\/excelab_logoheader.png","contentUrl":"https:\/\/www.excelab.mx\/wp-content\/uploads\/2021\/12\/excelab_logoheader.png","width":65,"height":70,"caption":"Rub\u00e9n S\u00e1nchez Ram\u00edrez"},"image":{"@id":"https:\/\/www.excelab.mx\/#\/schema\/logo\/image\/"}},{"@type":"WebSite","@id":"https:\/\/www.excelab.mx\/#website","url":"https:\/\/www.excelab.mx\/","name":"Excelab","description":"\u00a0Distribuidores experimentados dedicados a la venta de Equipos y Reactivos biom\u00e9dicos y de de Diagn\u00f3stico Cl\u00ednico","publisher":{"@id":"https:\/\/www.excelab.mx\/#organization"},"potentialAction":[{"@type":"SearchAction","target":{"@type":"EntryPoint","urlTemplate":"https:\/\/www.excelab.mx\/?s={search_term_string}"},"query-input":"required name=search_term_string"}],"inLanguage":"es-MX"},{"@type":"WebPage","@id":"https:\/\/www.excelab.mx\/?page_id=9380#webpage","url":"https:\/\/www.excelab.mx\/?page_id=9380","name":"Nosotros - Excelab","isPartOf":{"@id":"https:\/\/www.excelab.mx\/#website"},"datePublished":"2022-03-10T15:36:56+00:00","dateModified":"2022-03-24T21:22:44+00:00","breadcrumb":{"@id":"https:\/\/www.excelab.mx\/?page_id=9380#breadcrumb"},"inLanguage":"es-MX","potentialAction":[{"@type":"ReadAction","target":["https:\/\/www.excelab.mx\/?page_id=9380"]}]},{"@type":"BreadcrumbList","@id":"https:\/\/www.excelab.mx\/?page_id=9380#breadcrumb","itemListElement":[{"@type":"ListItem","position":1,"name":"Inicio","item":"https:\/\/www.excelab.mx\/"},{"@type":"ListItem","position":2,"name":"Nuestra Empresa","item":"https:\/\/www.excelab.mx\/?page_id=15990"},{"@type":"ListItem","position":3,"name":"Nosotros"}]}]}},"_links":{"self":[{"href":"https:\/\/www.excelab.mx\/index.php?rest_route=\/wp\/v2\/pages\/9380"}],"collection":[{"href":"https:\/\/www.excelab.mx\/index.php?rest_route=\/wp\/v2\/pages"}],"about":[{"href":"https:\/\/www.excelab.mx\/index.php?rest_route=\/wp\/v2\/types\/page"}],"author":[{"embeddable":true,"href":"https:\/\/www.excelab.mx\/index.php?rest_route=\/wp\/v2\/users\/1"}],"replies":[{"embeddable":true,"href":"https:\/\/www.excelab.mx\/index.php?rest_route=%2Fwp%2Fv2%2Fcomments&post=9380"}],"version-history":[{"count":30,"href":"https:\/\/www.excelab.mx\/index.php?rest_route=\/wp\/v2\/pages\/9380\/revisions"}],"predecessor-version":[{"id":15994,"href":"https:\/\/www.excelab.mx\/index.php?rest_route=\/wp\/v2\/pages\/9380\/revisions\/15994"}],"up":[{"embeddable":true,"href":"https:\/\/www.excelab.mx\/index.php?rest_route=\/wp\/v2\/pages\/15990"}],"wp:attachment":[{"href":"https:\/\/www.excelab.mx\/index.php?rest_route=%2Fwp%2Fv2%2Fmedia&parent=9380"}],"curies":[{"name":"wp","href":"https:\/\/api.w.org\/{rel}","templated":true}]}}